{"id":13487,"date":"2019-01-30T07:48:49","date_gmt":"2019-01-30T07:48:49","guid":{"rendered":"https:\/\/europairschweiz.ch\/residental-ventilation\/"},"modified":"2019-04-11T07:28:14","modified_gmt":"2019-04-11T07:28:14","slug":"residental-ventilation","status":"publish","type":"page","link":"https:\/\/europairschweiz.ch\/de\/residental-ventilation\/","title":{"rendered":"Wohnungsl\u00fcftung"},"content":{"rendered":"<p>[vc_row][vc_column][vc_column_text]<\/p>\n<h2 class=\"western\" lang=\"de-DE\">Gute Luft zu Hause ist eine Notwendigkeit<\/h2>\n<p><img loading=\"lazy\" decoding=\"async\" class=\"alignright wp-image-9810\" src=\"https:\/\/europairschweiz.ch\/wp-content\/uploads\/2014\/12\/1.jpg\" alt=\"\" width=\"450\" height=\"305\" srcset=\"https:\/\/europairschweiz.ch\/wp-content\/uploads\/2014\/12\/1.jpg 1280w, https:\/\/europairschweiz.ch\/wp-content\/uploads\/2014\/12\/1-300x203.jpg 300w, https:\/\/europairschweiz.ch\/wp-content\/uploads\/2014\/12\/1-768x520.jpg 768w, https:\/\/europairschweiz.ch\/wp-content\/uploads\/2014\/12\/1-1024x694.jpg 1024w\" sizes=\"auto, (max-width: 450px) 100vw, 450px\" \/><\/p>\n<h2 class=\"western\" lang=\"de-DE\"><\/h2>\n<p>Viele von uns verbringen mindestens die H\u00e4lfte ihrer Zeit zu Hause in unseren H\u00e4usern oder Wohnungen.<\/p>\n<p>Wenn wir uns mit kontaminierter Luft besch\u00e4ftigen, denken wir vor allem an Autoabgase und viele andere Formen von Emissionen. Doch auch unbehandelte Luft, die in unser Heim gelangt wird eine gewissen Zahl an Verunreinigungen beinhalten.<\/p>\n<p>Da unsere Geb\u00e4ude gut isoliert und h\u00e4ufig mit doppelt oder dreifach verglasten Fenstern ausgestattet sind, neigt die Luft dazu, dort kaum zu zirkulieren. Das ist ein ungl\u00fccklicher Umstand \u2013 je besser unser Heim isoliert ist umso wahrscheinlicher ist allerdings, dass es eine schlechte Luftqualit\u00e4t aufweist. Gute Luft daheim zu haben, bedeutet nicht nur erh\u00f6htes Wohlbefinden, sondern auch verbesserte Leistung im Alltag.<\/p>\n<p>F\u00fcr Kinder ist gute Luft sogar noch wichtiger, etwa um Asthma oder Allergien zu vermeiden \u2013 Krankheiten, die sich bereits sehr fr\u00fch entwickeln und die zu einem grossen Masse vom Zustand der Innenr\u00e4ume abh\u00e4ngen, wie viele Forscher mittlerweile auch best\u00e4tigen.<\/p>\n<p><strong>L\u00f6sungen zur Bel\u00fcftung unseres Heims;<\/strong><\/p>\n<p><strong>Die Aufgabe der Bel\u00fcftung ist es, und das Atmen sauberer Luft zu\u00a0erm\u00f6glichen, indem\u00a0die abgestandene, schmutzige Luft aus unserem Heim entfernt und durch qualitativ hochwertige Luft ersetzt wird.<\/strong><\/p>\n<p>Es gibt drei Arten von Bel\u00fcftungen:<\/p>\n<ul>\n<li>Nat\u00fcrliche Bel\u00fcftung<\/li>\n<li>Ventilator-kontrollierte Luftextrahierungs-Systeme<\/li>\n<li>Balanciertes Ventilatoren-System (welches sowohl aus Versorgungs-, als auch aus Extrahierungs-Ventilatoren besteht, (Rotier- oder Gegenstrom-W\u00e4rmetauscher).<\/li>\n<\/ul>\n<p>&nbsp;<\/p>\n<p>&nbsp;[\/vc_column_text][vc_column_text]<\/p>\n<h3>Nat\u00fcrliches Bel\u00fcftungssystem<\/h3>\n<p>Das Prinzip der nat\u00fcrlichen Bel\u00fcftung ist einfach. Die warme Innenluft steigt und wird \u00fcber Kan\u00e4le abgeleitet, was negativen Druck im Geb\u00e4ude erzeugt. Durch den negativen Druck wird frische Luft von aussen eingesaugt \u2013 diese Luft gelangt \u00fcber \u00d6ffnungen und Spalte in das Geb\u00e4ude oder Wohnung. Keine Ventilatoren oder andere mechanische Ger\u00e4te werden ben\u00f6tigt, was nach einer idealen Bel\u00fcftung f\u00fcr alle Arten von Behausungen klingt. Allerdings kann eine simple Sache wie die Isolierung von Fensterspalten ein nat\u00fcrliches Bel\u00fcftungssystem vollst\u00e4ndig unterbinden. Je gr\u00f6sser die Temperaturunterschiede zwischen Innen- und Aussen ist, umso h\u00f6her ist das ausgetauschte Luftvolumen. Im Sommer, wenn der Unterschied klein bis nicht vorhanden ist, gibt es daher keinen Austausch. Daher muss die nat\u00fcrliche Bel\u00fcftung stets mit dem \u00d6ffnen von Fenstern erfolgen, vor allem dann, wenn in der warmen Jahreszeit die nat\u00fcrlichen Kr\u00e4fte nicht wirken.<\/p>\n<p>Sogar ein nat\u00fcrliches Bel\u00fcftungssystem, dass hinsichtlich Luftzufuhr gut funktioniert, hat einige unerw\u00fcnschte Nebeneffekte. Wenn der Luftfluss f\u00fcr die Bel\u00fcftung ausreichend ist, verbraucht man viel Energie, da die beheizte Luft entweicht. Wenn man dies durch die Reduktion des Luftflusses \u00e4ndert, verringert sich die Luftqualit\u00e4t.<\/p>\n<p>Ein weiteres Problem der nat\u00fcrlichen Bel\u00fcftung ist, dass man den Luftzug nicht kontrollieren kann \u2013 man ist auf die Naturkr\u00e4fte angewiesen. Die Luft wird zudem nicht gereinigt, da man nicht jede Quelle des Lufteinlasses filtern kann. Luft zu filtern ist eine m\u00f6gliche L\u00f6sung, wenn wir in St\u00e4dten leben, wo sich vermehrt Schadstoffe in grosser Zahl in der Luft befinden \u2013 \u00e4hnliches gilt f\u00fcr Gegenden nahe an hoch frequentierten Strassen. Man sollte sich allerdings auch in Gegenden, wo saubere Luft besteht, sich \u00fcber Luftfilter Gedanken machen \u2013 denn ein hochwertiger Luftfilter kann auch Pollen filtern, wodurch sich bestimmte allergische Reaktionen vermeiden lassen.<\/p>\n<p>S\u00e4mtliche Luft, die das Geb\u00e4ude verl\u00e4sst wird durch unbeheizte Luft von aussen ersetzt. Die frische Luft muss also erneut beheizt werden, was Energie verbraucht. Die frische Luft kann ebenso Zugluft erzeugen, was eine h\u00e4ufige Begr\u00fcndung daf\u00fcr ist, Isolierb\u00e4nder an Fenstern und T\u00fcren anzubringen. In der warmen Jahreszeit ist Zugluft kein Problem. Allerdings im Winter, wenn die Aussenlufttemperatur sehr niedrig ist, kann diese sehr unangenehm werden.<\/p>\n<p>&nbsp;[\/vc_column_text][vc_column_text]<\/p>\n<h3><strong>Ventilatoren-kontrolliertes Luftextraktions-System<\/strong><\/h3>\n<p>Man spricht von mechanischer Extraktion, wenn wir Ventilatoren verwenden, um die Luftflussrate einem Geb\u00e4ude zu kontrollieren. Die Ventilatoren extrahieren die Luft aus dem Geb\u00e4ude. Normaler Weise wird die Luft aus der K\u00fcche, Badezimmer oder dem Waschraum extrahiert. Denn diese sind jene R\u00e4ume, in welche hohe Luftfeuchtigkeit und unerw\u00fcnschte Ger\u00fcche auftreten. Auf dieselbe Weise, auf die nat\u00fcrliche Bel\u00fcftung stattfindet, wird die Luft durch \u00d6ffnungen wie unter den T\u00fcren oder Spalten in Fensterrahmen, oder Einzugs-Gitter ersetzt.<\/p>\n<p>Ventilator-gesteuerte Extraktions-Systeme sind beliebt, da sie recht preiswert sind und eine einfach zu installierende Methode darstellen, um ein Haus oder eine Wohnung zu bel\u00fcften. Allerdings haben solche Systeme \u00e4hnliche Nachteile wie nat\u00fcrliche L\u00fcftungssysteme, da die eingeleitete Luft unbehandelt ist, im Winter kalt, und h\u00f6chstwahrscheinlich kontaminiert. Aus diesem Grund ist es \u00fcblich, dass Frischluft-Gitter-Vorrichtungen im Winter ebenso geschlossen werden, wie T\u00fcrspalten oder Fensterritzen. Das Resultat sind weniger kalte R\u00e4umlichkeiten, was allerdings eine Beeintr\u00e4chtigung der Luftqualit\u00e4t zufolge hat. Denn es kann so deutlich weniger Luftvolumen ausgetauscht werden. Die Luft bleibt l\u00e4nger in den R\u00e4umen und wir atmen darin dieselbe Luft wieder und wieder. Heutzutage k\u00f6nnen solche Gitter zwar mit Luftfiltern ausgestattet werden, welche die gr\u00f6bsten Schadstoffe entfernen k\u00f6nnen.<\/p>\n<p><strong>Balanciertes Ventilations-System<\/strong><\/p>\n<p>Die vollst\u00e4ndigste Form eines Bel\u00fcftungssystems ist das sogenannte balancierte System. Ventilatoren steuern sowohl die eingef\u00fchrte, als auch die ausgef\u00fchrte Luft, was in anderen Systemen nicht der Fall ist. In gut isolierten Geb\u00e4uden kann man sagen, dass praktisch die gesamte Luft \u00fcber Zuluft-Diffusoren eingef\u00fchrt wird. Dies bedeutet ebenso, dass die Luft so einfach zu reinigen ist. Die Filter werden am Lufteinlass, sowie in die Abluft-Gitter platziert.<\/p>\n<p>Balancierte Systeme sind nichts neues, haben aber lange nicht die geb\u00fchrende Nachfrage in unseren Heimen und Wohnungen gefunden. Ein Nachteil dieser Systeme ist, dass diese teurer sind, und schwieriger zu installieren, als andere, aber die Vorteile sind die M\u00f6glichkeit, Energie zu sparen, und ein behaglicheres Umfeld zu erzeugen. Heute sind solche Systeme effektiv und leise.<\/p>\n<p>Viele Studien belegen, dass man sofern, einen niedrigen Energieverbrauch sucht und sich ein gutes Raumklima w\u00fcnscht, ein balanciertes Bel\u00fcftungssystem die richtige Wahl ist.<\/p>\n<p>Ein gutes balanciertes System ist sowohl flexibel als auch stabil. Stabilit\u00e4t bedeutet, dass das System unabh\u00e4ngig davon funktioniert, was genau im Geb\u00e4ude vor sich geht. Flexibilit\u00e4t bedeutet, dass man das System ja nach Bedarf steuern kann,<\/p>\n<p>Solch eine Kontrolle der L\u00fcftung wird mehr und mehr eingesetzt und in Kombination mit W\u00e4rmer\u00fcckgewinung, verringert sich auch der Energiebedarf, wodurch die Kosten insgesamt sinken.<\/p>\n<p>Das balancierte System mit W\u00e4rmer\u00fcckgewinung ist das ideale L\u00fcftungssystem. Statt dass man die warme Luft direkt nach aussen leitet, wird sie durch eine W\u00e4rmer\u00fcckgewinung geleitet, in welcher die verbrauchte Luft die eingeleitete Frischluft aufw\u00e4rmt und mit einem hoher Wirkungsgrad sehr effizient ist.<\/p>\n<p>Komfortl\u00fcftungsger\u00e4te k\u00f6nnen an W\u00e4nden oder Decken befestigt werden, abh\u00e4ngig von der Gr\u00f6sse und dem ben\u00f6tigten Luftvolumen. In Falle einer Installation f\u00fcr mehrere Wohneinheiten wird zum Beispiel ein grosses Ger\u00e4t f\u00fcr das gesamte Geb\u00e4ude installiert und die Luft in der Wohnung \u00fcber Volumenstromregler reguliert. Diese Einheiten haben integrierte Steuereinheiten, um die Steuerung durch Smart<span style=\"text-decoration: line-through;\">&#8211;<\/span>Home-Systeme zu erm\u00f6glichen.<\/p>\n<p>Ein gutes Bel\u00fcftungssystem wird nicht nur durch eine Bel\u00fcftungseinheit von geeigneter Gr\u00f6sse erreicht, sondern auch durch Komponenten, welche den Luftstrom optimal balanciert, die exakt auf die Bed\u00fcrfnisse der Anlage optimiert wurden.[\/vc_column_text][vc_column_text]<\/p>\n<p lang=\"de-DE\"><span style=\"font-size: large;\"><b>Balanciertes Ventilations-System<\/b><\/span><\/p>\n<p lang=\"de-DE\">Die vollst\u00e4ndigste Form eines Bel\u00fcftungssystems ist das sogenannte balancierte System. Ventilatoren steuern sowohl die eingef\u00fchrte, als auch die ausgef\u00fchrte Luft, was in anderen Systemen nicht der Fall ist. In gut isolierten Geb\u00e4uden kann man sagen, dass praktisch die gesamte Luft \u00fcber Zuluft-Diffusoren eingef\u00fchrt wird, da ein solches System nicht auf Druckluft basiert. Dies bedeutet ebenso, dass die Luft so einfach zu reinigen ist. Die Filter werden in den Lufteinlass, sowie in die R\u00fcckluft-Gitter platziert.<\/p>\n<p lang=\"de-DE\">Balancierte Systeme sind nichts neues, haben aber lange nicht die geb\u00fchrende Nachfrage in unseren Heimen und Wohnungen gefunden. Ein Nachteil dieser Systeme ist, dass diese teurer sind, und schwieriger zu installieren, als andere, aber die Vorteile sind die M\u00f6glichkeit, Energie zu sparen, und ein behaglicheres Umfeld zu erzeugen. Heute sind solche Systeme effektiv und leise, und viele Studien belegen, dass man, sofern man niedrigen Energieverbrauch sucht und ein gutes Raumklima w\u00fcnscht, ein balanciertes Bel\u00fcftungssystem das richtige ist. Ein niedriger Energieverbrauch impliziert Temperatur-Wiederherstellung durch effiziente Produkte wie Ventilatoren, Filter und Hitze-Wandler.<\/p>\n<p lang=\"de-DE\">Ein gutes balanciertes System ist sowohl flexibel als auch stabil. Stabilit\u00e4t bedeutet, dass das System unabh\u00e4ngig davon funktioniert, was genau im Geb\u00e4ude vor sich geht. Flexibilit\u00e4t bedeutet, dass man das System ja nach Bedarf steuern kann, das man also etwa mehr Ventilation erzeugen kann, wenn sich mehr Personen in den R\u00e4umen befinden, als wenn das Geb\u00e4ude leer ist.<\/p>\n<p lang=\"de-DE\">Solch eine Kontrolle der Bel\u00fcftung wird mehr und mehr \u00fcblich und in Kombination mit Temperatur-Wiederherstellung, verringert sich auch der Energiebedarf, wodurch die Kosten insgesamt sinken.<\/p>\n<p lang=\"de-DE\">Das balancierte System mit Temperatur-Wiederherstellung ist das ideale System. Statt dass man die warme Luft direkt nach au\u00dfen leitet, wird sie durch eine Temperatur-Wiederherstellungs-Einheit geleitet, in welcher die verbrauchte Luft die eingeleitete Frischluft aufw\u00e4rmt. In modernen Systemen kann die Temperatur-Wiederherstellung durch ein Rotations-Herstellungs-System (bis zu 85% Wiederherstellung bei idealen Konditionen), eine Gegenfluss-Wiederherstellung (&gt;90% Wiederherstellung bei idealen Konditionen), durch hygroskopische oder Diskant-R\u00e4der f\u00fcr Hitze und und enthalpische Wiederherstellung, und zu guter Letzt enthalpische Gegenfluss-Tauscher f\u00fcr Hitze und Feuchtigkeit erreicht werden.<\/p>\n<p lang=\"de-DE\">Balancierte Systeme k\u00f6nnen sich je nach Situation, ob 35m2 Studentenwohnung oder gro\u00dfe Villa von 1000m2 stark unterscheiden. Abh\u00e4ngig von der geographischen Gegend der Installation, kann die Wiederherstellung eher in rotierender oder Gegenfluss-Variante besser geeignet sein. Typische kleine Einheiten werden h\u00e4ufig in Kombination als Koch-Hauben genutzt. Wenn man die Bel\u00fcftungs-Einheit im Koch-Hauben-Modus nutzt, wird die Luft vollst\u00e4ndig durchgeleitet, sodass sich im Wiederherstellungs-System keine Fett-Partikel festsetzen k\u00f6nnen.<\/p>\n<p lang=\"de-DE\">Wiederherstellungs-Einheiten k\u00f6nnen an W\u00e4nden oder Decken befestigt werden, abh\u00e4ngig von der Gr\u00f6\u00dfe und dem ben\u00f6tigten Luftvolumen. In Falle einer Installation f\u00fcr mehrere Wohneinheiten werden kleinere Luftverarbeitungs-Einheiten genutzt, mit Rotations- oder Gegenfluss-Wiederherstellung. Jede Wohneinheit hat in solchen F\u00e4llen weiters ein gesteuertes Ventilations-System durch eine VAV-Box, welches ein Set variablen Luftvolumens f\u00fcr Einfuhr- und Ausfuhr beinhaltet, mitsamt einer Einheit zur Ger\u00e4uschreduktion. Diese Einheiten haben integrierte Steuereinheiten, um die Steuerung durch Smart<span style=\"text-decoration: line-through;\">&#8211;<\/span>Home-Systeme zu erm\u00f6glichen.<\/p>\n<p lang=\"de-DE\">F\u00fcr ein balanciertes System ist korrektes Design und Installation essentiell, um eine einwandfreie Funktionalit\u00e4t zu gew\u00e4hrleisten, da jeglicher unkorrekte Kanal oder Lufteinlass den Luftdruck beeinflusst. Wenn der Systemdruck erh\u00f6ht wird, wirkt sich dies meist durch verschlechterte Bel\u00fcftung und Ger\u00e4uschaufkommen f\u00fcr die Bewohner aus.<\/p>\n<p lang=\"de-DE\">Ein gutes Bel\u00fcftungssystem wird nicht nur eine Bel\u00fcftungseinheit von geeigneter Gr\u00f6\u00dfe aufweisen, sondern auch Komponenten, welche den Luftfluss optimal balanciert mitsamt Niedrigdruck-Systemen, die exakt auf die Bed\u00fcrfnisse der Einheit optimiert wurden.<\/p>\n<p lang=\"de-DE\">\n<p lang=\"de-DE\">In einem optimal geplanten System werden die Bewohner gar nicht erst bemerken, dass ein System l\u00e4uft und auf welchem Level, sondern sich einfach bei ihren t\u00e4glichen Aktivit\u00e4ten wohlf\u00fchlen.<\/p>\n<p><em><span lang=\"de-DE\">Ref: Svensk <\/span><\/em><em><span lang=\"de-DE\">Be\u00fcftungs-Handbuch<\/span><\/em><em><span lang=\"de-DE\"> \u201cshortness of breath\u201d<\/span><\/em>[\/vc_column_text][\/vc_column][\/vc_row]<\/p>\n","protected":false},"excerpt":{"rendered":"<p>[vc_row][vc_column][vc_column_text] Gute Luft zu Hause ist eine Notwendigkeit Viele von uns verbringen mindestens die H\u00e4lfte ihrer Zeit zu Hause in&#8230;<\/p>\n","protected":false},"author":2,"featured_media":0,"parent":0,"menu_order":0,"comment_status":"closed","ping_status":"closed","template":"","meta":{"_exactmetrics_skip_tracking":false,"_exactmetrics_sitenote_active":false,"_exactmetrics_sitenote_note":"","_exactmetrics_sitenote_category":0,"footnotes":""},"class_list":["post-13487","page","type-page","status-publish","hentry"],"yoast_head":"<!-- This site is optimized with the Yoast SEO plugin v27.4 - https:\/\/yoast.com\/product\/yoast-seo-wordpress\/ -->\n<title>Wohnungsl\u00fcftung - Europair Schweiz AG - Multisite<\/title>\n<meta name=\"robots\" content=\"index, follow, max-snippet:-1, max-image-preview:large, max-video-preview:-1\" \/>\n<link rel=\"canonical\" href=\"https:\/\/europairschweiz.ch\/de\/residental-ventilation\/\" \/>\n<meta property=\"og:locale\" content=\"de_DE\" \/>\n<meta property=\"og:type\" content=\"article\" \/>\n<meta property=\"og:title\" content=\"Wohnungsl\u00fcftung - Europair Schweiz AG - Multisite\" \/>\n<meta property=\"og:description\" content=\"[vc_row][vc_column][vc_column_text] Gute Luft zu Hause ist eine Notwendigkeit Viele von uns verbringen mindestens die H\u00e4lfte ihrer Zeit zu Hause in...\" \/>\n<meta property=\"og:url\" content=\"https:\/\/europairschweiz.ch\/de\/residental-ventilation\/\" \/>\n<meta property=\"og:site_name\" content=\"Europair Schweiz AG - Multisite\" \/>\n<meta property=\"article:modified_time\" content=\"2019-04-11T07:28:14+00:00\" \/>\n<meta property=\"og:image\" content=\"https:\/\/europairschweiz.ch\/wp-content\/uploads\/2014\/12\/1.jpg\" \/>\n<meta name=\"twitter:card\" content=\"summary_large_image\" \/>\n<meta name=\"twitter:label1\" content=\"Gesch\u00e4tzte Lesezeit\" \/>\n\t<meta name=\"twitter:data1\" content=\"9\u00a0Minuten\" \/>\n<script type=\"application\/ld+json\" class=\"yoast-schema-graph\">{\"@context\":\"https:\\\/\\\/schema.org\",\"@graph\":[{\"@type\":\"WebPage\",\"@id\":\"https:\\\/\\\/europairschweiz.ch\\\/de\\\/residental-ventilation\\\/\",\"url\":\"https:\\\/\\\/europairschweiz.ch\\\/de\\\/residental-ventilation\\\/\",\"name\":\"Wohnungsl\u00fcftung - Europair Schweiz AG - Multisite\",\"isPartOf\":{\"@id\":\"https:\\\/\\\/europairschweiz.ch\\\/de\\\/#website\"},\"primaryImageOfPage\":{\"@id\":\"https:\\\/\\\/europairschweiz.ch\\\/de\\\/residental-ventilation\\\/#primaryimage\"},\"image\":{\"@id\":\"https:\\\/\\\/europairschweiz.ch\\\/de\\\/residental-ventilation\\\/#primaryimage\"},\"thumbnailUrl\":\"https:\\\/\\\/europairschweiz.ch\\\/wp-content\\\/uploads\\\/2014\\\/12\\\/1.jpg\",\"datePublished\":\"2019-01-30T07:48:49+00:00\",\"dateModified\":\"2019-04-11T07:28:14+00:00\",\"breadcrumb\":{\"@id\":\"https:\\\/\\\/europairschweiz.ch\\\/de\\\/residental-ventilation\\\/#breadcrumb\"},\"inLanguage\":\"de\",\"potentialAction\":[{\"@type\":\"ReadAction\",\"target\":[\"https:\\\/\\\/europairschweiz.ch\\\/de\\\/residental-ventilation\\\/\"]}]},{\"@type\":\"ImageObject\",\"inLanguage\":\"de\",\"@id\":\"https:\\\/\\\/europairschweiz.ch\\\/de\\\/residental-ventilation\\\/#primaryimage\",\"url\":\"https:\\\/\\\/europairschweiz.ch\\\/wp-content\\\/uploads\\\/2014\\\/12\\\/1.jpg\",\"contentUrl\":\"https:\\\/\\\/europairschweiz.ch\\\/wp-content\\\/uploads\\\/2014\\\/12\\\/1.jpg\"},{\"@type\":\"BreadcrumbList\",\"@id\":\"https:\\\/\\\/europairschweiz.ch\\\/de\\\/residental-ventilation\\\/#breadcrumb\",\"itemListElement\":[{\"@type\":\"ListItem\",\"position\":1,\"name\":\"Startseite\",\"item\":\"https:\\\/\\\/europairschweiz.ch\\\/de\\\/\"},{\"@type\":\"ListItem\",\"position\":2,\"name\":\"Wohnungsl\u00fcftung\"}]},{\"@type\":\"WebSite\",\"@id\":\"https:\\\/\\\/europairschweiz.ch\\\/de\\\/#website\",\"url\":\"https:\\\/\\\/europairschweiz.ch\\\/de\\\/\",\"name\":\"Europair Schweiz AG - Multisite\",\"description\":\"\",\"potentialAction\":[{\"@type\":\"SearchAction\",\"target\":{\"@type\":\"EntryPoint\",\"urlTemplate\":\"https:\\\/\\\/europairschweiz.ch\\\/de\\\/?s={search_term_string}\"},\"query-input\":{\"@type\":\"PropertyValueSpecification\",\"valueRequired\":true,\"valueName\":\"search_term_string\"}}],\"inLanguage\":\"de\"}]}<\/script>\n<!-- \/ Yoast SEO plugin. -->","yoast_head_json":{"title":"Wohnungsl\u00fcftung - Europair Schweiz AG - Multisite","robots":{"index":"index","follow":"follow","max-snippet":"max-snippet:-1","max-image-preview":"max-image-preview:large","max-video-preview":"max-video-preview:-1"},"canonical":"https:\/\/europairschweiz.ch\/de\/residental-ventilation\/","og_locale":"de_DE","og_type":"article","og_title":"Wohnungsl\u00fcftung - Europair Schweiz AG - Multisite","og_description":"[vc_row][vc_column][vc_column_text] Gute Luft zu Hause ist eine Notwendigkeit Viele von uns verbringen mindestens die H\u00e4lfte ihrer Zeit zu Hause in...","og_url":"https:\/\/europairschweiz.ch\/de\/residental-ventilation\/","og_site_name":"Europair Schweiz AG - Multisite","article_modified_time":"2019-04-11T07:28:14+00:00","og_image":[{"url":"https:\/\/europairschweiz.ch\/wp-content\/uploads\/2014\/12\/1.jpg","type":"","width":"","height":""}],"twitter_card":"summary_large_image","twitter_misc":{"Gesch\u00e4tzte Lesezeit":"9\u00a0Minuten"},"schema":{"@context":"https:\/\/schema.org","@graph":[{"@type":"WebPage","@id":"https:\/\/europairschweiz.ch\/de\/residental-ventilation\/","url":"https:\/\/europairschweiz.ch\/de\/residental-ventilation\/","name":"Wohnungsl\u00fcftung - Europair Schweiz AG - Multisite","isPartOf":{"@id":"https:\/\/europairschweiz.ch\/de\/#website"},"primaryImageOfPage":{"@id":"https:\/\/europairschweiz.ch\/de\/residental-ventilation\/#primaryimage"},"image":{"@id":"https:\/\/europairschweiz.ch\/de\/residental-ventilation\/#primaryimage"},"thumbnailUrl":"https:\/\/europairschweiz.ch\/wp-content\/uploads\/2014\/12\/1.jpg","datePublished":"2019-01-30T07:48:49+00:00","dateModified":"2019-04-11T07:28:14+00:00","breadcrumb":{"@id":"https:\/\/europairschweiz.ch\/de\/residental-ventilation\/#breadcrumb"},"inLanguage":"de","potentialAction":[{"@type":"ReadAction","target":["https:\/\/europairschweiz.ch\/de\/residental-ventilation\/"]}]},{"@type":"ImageObject","inLanguage":"de","@id":"https:\/\/europairschweiz.ch\/de\/residental-ventilation\/#primaryimage","url":"https:\/\/europairschweiz.ch\/wp-content\/uploads\/2014\/12\/1.jpg","contentUrl":"https:\/\/europairschweiz.ch\/wp-content\/uploads\/2014\/12\/1.jpg"},{"@type":"BreadcrumbList","@id":"https:\/\/europairschweiz.ch\/de\/residental-ventilation\/#breadcrumb","itemListElement":[{"@type":"ListItem","position":1,"name":"Startseite","item":"https:\/\/europairschweiz.ch\/de\/"},{"@type":"ListItem","position":2,"name":"Wohnungsl\u00fcftung"}]},{"@type":"WebSite","@id":"https:\/\/europairschweiz.ch\/de\/#website","url":"https:\/\/europairschweiz.ch\/de\/","name":"Europair Schweiz AG - Multisite","description":"","potentialAction":[{"@type":"SearchAction","target":{"@type":"EntryPoint","urlTemplate":"https:\/\/europairschweiz.ch\/de\/?s={search_term_string}"},"query-input":{"@type":"PropertyValueSpecification","valueRequired":true,"valueName":"search_term_string"}}],"inLanguage":"de"}]}},"_links":{"self":[{"href":"https:\/\/europairschweiz.ch\/de\/wp-json\/wp\/v2\/pages\/13487","targetHints":{"allow":["GET"]}}],"collection":[{"href":"https:\/\/europairschweiz.ch\/de\/wp-json\/wp\/v2\/pages"}],"about":[{"href":"https:\/\/europairschweiz.ch\/de\/wp-json\/wp\/v2\/types\/page"}],"author":[{"embeddable":true,"href":"https:\/\/europairschweiz.ch\/de\/wp-json\/wp\/v2\/users\/2"}],"replies":[{"embeddable":true,"href":"https:\/\/europairschweiz.ch\/de\/wp-json\/wp\/v2\/comments?post=13487"}],"version-history":[{"count":0,"href":"https:\/\/europairschweiz.ch\/de\/wp-json\/wp\/v2\/pages\/13487\/revisions"}],"wp:attachment":[{"href":"https:\/\/europairschweiz.ch\/de\/wp-json\/wp\/v2\/media?parent=13487"}],"curies":[{"name":"wp","href":"https:\/\/api.w.org\/{rel}","templated":true}]}}