{"id":13491,"date":"2014-12-25T11:19:40","date_gmt":"2014-12-25T11:19:40","guid":{"rendered":"https:\/\/europairschweiz.ch\/start\/"},"modified":"2025-11-28T17:53:24","modified_gmt":"2025-11-28T16:53:24","slug":"start","status":"publish","type":"page","link":"https:\/\/europairschweiz.ch\/de\/","title":{"rendered":"Start"},"content":{"rendered":"<p>[vc_row][vc_column][vc_column_text]<\/p>\n<h2 class=\"western\" style=\"text-align: center;\">Was k\u00f6nnen wir f\u00fcr Sie tun?<\/h2>\n<p align=\"center\"><strong>Sind Sie ein Planer, Installateur oder Hausbesitzer<\/strong><strong>?<\/strong><\/p>\n<p align=\"center\"><strong>Dann sind Sie hier richtig<\/strong><strong>!<\/strong><\/p>\n<p align=\"center\"><strong>Wir begleiten Sie w\u00e4hrend dem Evaluierungs und Konzeptionierungs-Prozess und stellen Ihnen pers\u00f6nlichen Support \u00fcber das gesamte Projekt zur Verf\u00fcgung<\/strong><strong>.<\/strong><\/p>\n<p>[\/vc_column_text]<div class=\"centered-box\"><a class=\"sc-button \"  href=\"\/quote-request\" target=\"_self\" style=\"background-color: #ff7070;\">Eine Offerte anfragen<\/a><\/div><div class=\"clearboth\"><\/div><div class=\"sc-divider\" style=\"margin-bottom: 55px;\"><\/div>[\/vc_column][\/vc_row][vc_row][vc_column]<div class=\"fullwidth-block clearfix styled-marker-top\" style=\"background-color: #f1f5f8;background-image: url(https:\/\/europairschweiz.ch\/wp-content\/uploads\/layerslider\/Home-Alternative-2\/Slide-2-Back.jpg);background-repeat: no-repeat; background-size: cover;background-position: center top;padding-top: 110px;padding-bottom: 110px;padding-left: 25px;padding-right: 25px;\"><div class=\"container\">[vc_tta_tour style=&#8220;modern&#8220; spacing=&#8220;2&#8243; active_section=&#8220;1&#8243;][vc_tta_section title=&#8220;europair Schweiz AG&#8220; tab_id=&#8220;1540629254147-29743bc5-e31f&#8220;][vc_row_inner][vc_column_inner][vc_column_text]<\/p>\n<p lang=\"de-DE\">Mit komfortabler Bel\u00fcftung investieren Ihre Kunden in eine gesunde und angenehme Zukunft in ihrem eigenen Zuhause. Die europair Schweiz AG unterst\u00fctzt Sie pers\u00f6nlich in allen Phasen Ihres Projekts.<\/p>\n<p lang=\"de-DE\">Basierend auf mehr als <b>30 Jahren Erfahrung<\/b> in diesem Markt bieten wir <b>l\u00f6sungsorientierte Beratung und Realisierung<\/b> von komfortablen Bel\u00fcftungssystemen.<\/p>\n<p lang=\"de-DE\">In Kooperation mit unseren Zulieferern und Partnern stehen wir f\u00fcr <b>kompetente Beratung in der Planungsphase, kurze Lieferzeiten der neuesten Technologien<\/b>, selbstverst\u00e4ndlich <b>nach den ErP Richtlinien<\/b>, ebenso wie f\u00fcr <b>enge und pers\u00f6nliche Unterst\u00fctzung w\u00e4hrend der Implementierung<\/b>.<\/p>\n<p>[\/vc_column_text][\/vc_column_inner][\/vc_row_inner][\/vc_tta_section][\/vc_tta_tour]<\/div><\/div><div class=\"clearboth\"><\/div><div class=\"sc-divider\" style=\"margin-bottom: 50px;\"><\/div>[\/vc_column][\/vc_row][vc_row][vc_column][vc_custom_heading text=&#8220;Unsere Partner&#8220; use_theme_fonts=&#8220;yes&#8220;][\/vc_column][\/vc_row][vc_row][vc_column width=&#8220;1\/2&#8243;]<div class=\"centered-box sc-image-centered-box\"><div class=\"sc-image sc-wrapbox sc-wrapbox-style-7 rounded-corners shadow-box sc-wrapbox-position-centered\" style=\"width: 0px;height: 183px;\"><div class=\"sc-wrapbox-inner\"><img decoding=\"async\" class=\"sc-wrapbox-element img-responsive\" src=\"https:\/\/europairschweiz.ch\/wp-content\/uploads\/2019\/02\/logo-UTEK183n.png\" alt=\"\"\/><\/div><\/div><\/div>[\/vc_column][vc_column width=&#8220;1\/2&#8243;]<div class=\"centered-box sc-image-centered-box\"><div class=\"sc-image sc-wrapbox sc-wrapbox-style-7 rounded-corners shadow-box sc-wrapbox-position-centered\" style=\"width: 0px;height: 183px;\"><div class=\"sc-wrapbox-inner\"><img decoding=\"async\" class=\"sc-wrapbox-element img-responsive\" src=\"https:\/\/europairschweiz.ch\/wp-content\/uploads\/2019\/11\/Screenshot-2019-11-23-at-23.41.10.png\" alt=\"\"\/><\/div><\/div><\/div>[\/vc_column][\/vc_row][vc_row][vc_column width=&#8220;1\/2&#8243;]<div class=\"centered-box sc-image-centered-box\"><div class=\"sc-image sc-wrapbox sc-wrapbox-style-7 rounded-corners shadow-box sc-wrapbox-position-centered\" style=\"width: 0px;height: 183px;\"><div class=\"sc-wrapbox-inner\"><img decoding=\"async\" class=\"sc-wrapbox-element img-responsive\" src=\"https:\/\/europairschweiz.ch\/wp-content\/uploads\/2019\/02\/koolairn.png\" alt=\"\"\/><\/div><\/div><\/div>[\/vc_column][vc_column width=&#8220;1\/2&#8243;]<div class=\"centered-box sc-image-centered-box\"><div class=\"sc-image sc-wrapbox sc-wrapbox-style-7 rounded-corners shadow-box sc-wrapbox-position-centered\" style=\"width: 0px;height: 183px;\"><div class=\"sc-wrapbox-inner\"><img decoding=\"async\" class=\"sc-wrapbox-element img-responsive\" src=\"https:\/\/europairschweiz.ch\/wp-content\/uploads\/2019\/04\/Screenshot-2019-04-01-at-17.12.31.png\" alt=\"Elektrovent\"\/><\/div><\/div><\/div>[\/vc_column][\/vc_row]<\/p>\n","protected":false},"excerpt":{"rendered":"<p>[vc_row][vc_column][vc_column_text] Was k\u00f6nnen wir f\u00fcr Sie tun? Sind Sie ein Planer, Installateur oder Hausbesitzer? Dann sind Sie hier richtig! Wir&#8230;<\/p>\n","protected":false},"author":2,"featured_media":0,"parent":0,"menu_order":0,"comment_status":"closed","ping_status":"closed","template":"","meta":{"_exactmetrics_skip_tracking":false,"_exactmetrics_sitenote_active":false,"_exactmetrics_sitenote_note":"","_exactmetrics_sitenote_category":0,"footnotes":""},"class_list":["post-13491","page","type-page","status-publish","hentry"],"yoast_head":"<!-- This site is optimized with the Yoast SEO plugin v27.4 - https:\/\/yoast.com\/product\/yoast-seo-wordpress\/ -->\n<title>Start - Europair Schweiz AG - Multisite<\/title>\n<meta name=\"robots\" content=\"index, follow, max-snippet:-1, max-image-preview:large, max-video-preview:-1\" \/>\n<link rel=\"canonical\" href=\"https:\/\/europairschweiz.ch\/de\/\" \/>\n<meta property=\"og:locale\" content=\"de_DE\" \/>\n<meta property=\"og:type\" content=\"article\" \/>\n<meta property=\"og:title\" content=\"Start - Europair Schweiz AG - Multisite\" \/>\n<meta property=\"og:description\" content=\"[vc_row][vc_column][vc_column_text] Was k\u00f6nnen wir f\u00fcr Sie tun? Sind Sie ein Planer, Installateur oder Hausbesitzer? Dann sind Sie hier richtig! Wir...\" \/>\n<meta property=\"og:url\" content=\"https:\/\/europairschweiz.ch\/de\/\" \/>\n<meta property=\"og:site_name\" content=\"Europair Schweiz AG - Multisite\" \/>\n<meta property=\"article:modified_time\" content=\"2025-11-28T16:53:24+00:00\" \/>\n<meta name=\"twitter:card\" content=\"summary_large_image\" \/>\n<meta name=\"twitter:label1\" content=\"Gesch\u00e4tzte Lesezeit\" \/>\n\t<meta name=\"twitter:data1\" content=\"2\u00a0Minuten\" \/>\n<script type=\"application\/ld+json\" class=\"yoast-schema-graph\">{\"@context\":\"https:\\\/\\\/schema.org\",\"@graph\":[{\"@type\":\"WebPage\",\"@id\":\"https:\\\/\\\/europairschweiz.ch\\\/de\\\/\",\"url\":\"https:\\\/\\\/europairschweiz.ch\\\/de\\\/\",\"name\":\"Start - Europair Schweiz AG - Multisite\",\"isPartOf\":{\"@id\":\"https:\\\/\\\/europairschweiz.ch\\\/de\\\/#website\"},\"datePublished\":\"2014-12-25T11:19:40+00:00\",\"dateModified\":\"2025-11-28T16:53:24+00:00\",\"breadcrumb\":{\"@id\":\"https:\\\/\\\/europairschweiz.ch\\\/de\\\/#breadcrumb\"},\"inLanguage\":\"de\",\"potentialAction\":[{\"@type\":\"ReadAction\",\"target\":[\"https:\\\/\\\/europairschweiz.ch\\\/de\\\/\"]}]},{\"@type\":\"BreadcrumbList\",\"@id\":\"https:\\\/\\\/europairschweiz.ch\\\/de\\\/#breadcrumb\",\"itemListElement\":[{\"@type\":\"ListItem\",\"position\":1,\"name\":\"Startseite\",\"item\":\"https:\\\/\\\/europairschweiz.ch\\\/de\\\/\"},{\"@type\":\"ListItem\",\"position\":2,\"name\":\"Start\"}]},{\"@type\":\"WebSite\",\"@id\":\"https:\\\/\\\/europairschweiz.ch\\\/de\\\/#website\",\"url\":\"https:\\\/\\\/europairschweiz.ch\\\/de\\\/\",\"name\":\"Europair Schweiz AG - Multisite\",\"description\":\"\",\"potentialAction\":[{\"@type\":\"SearchAction\",\"target\":{\"@type\":\"EntryPoint\",\"urlTemplate\":\"https:\\\/\\\/europairschweiz.ch\\\/de\\\/?s={search_term_string}\"},\"query-input\":{\"@type\":\"PropertyValueSpecification\",\"valueRequired\":true,\"valueName\":\"search_term_string\"}}],\"inLanguage\":\"de\"}]}<\/script>\n<!-- \/ Yoast SEO plugin. -->","yoast_head_json":{"title":"Start - Europair Schweiz AG - Multisite","robots":{"index":"index","follow":"follow","max-snippet":"max-snippet:-1","max-image-preview":"max-image-preview:large","max-video-preview":"max-video-preview:-1"},"canonical":"https:\/\/europairschweiz.ch\/de\/","og_locale":"de_DE","og_type":"article","og_title":"Start - Europair Schweiz AG - Multisite","og_description":"[vc_row][vc_column][vc_column_text] Was k\u00f6nnen wir f\u00fcr Sie tun? Sind Sie ein Planer, Installateur oder Hausbesitzer? Dann sind Sie hier richtig! Wir...","og_url":"https:\/\/europairschweiz.ch\/de\/","og_site_name":"Europair Schweiz AG - Multisite","article_modified_time":"2025-11-28T16:53:24+00:00","twitter_card":"summary_large_image","twitter_misc":{"Gesch\u00e4tzte Lesezeit":"2\u00a0Minuten"},"schema":{"@context":"https:\/\/schema.org","@graph":[{"@type":"WebPage","@id":"https:\/\/europairschweiz.ch\/de\/","url":"https:\/\/europairschweiz.ch\/de\/","name":"Start - Europair Schweiz AG - Multisite","isPartOf":{"@id":"https:\/\/europairschweiz.ch\/de\/#website"},"datePublished":"2014-12-25T11:19:40+00:00","dateModified":"2025-11-28T16:53:24+00:00","breadcrumb":{"@id":"https:\/\/europairschweiz.ch\/de\/#breadcrumb"},"inLanguage":"de","potentialAction":[{"@type":"ReadAction","target":["https:\/\/europairschweiz.ch\/de\/"]}]},{"@type":"BreadcrumbList","@id":"https:\/\/europairschweiz.ch\/de\/#breadcrumb","itemListElement":[{"@type":"ListItem","position":1,"name":"Startseite","item":"https:\/\/europairschweiz.ch\/de\/"},{"@type":"ListItem","position":2,"name":"Start"}]},{"@type":"WebSite","@id":"https:\/\/europairschweiz.ch\/de\/#website","url":"https:\/\/europairschweiz.ch\/de\/","name":"Europair Schweiz AG - Multisite","description":"","potentialAction":[{"@type":"SearchAction","target":{"@type":"EntryPoint","urlTemplate":"https:\/\/europairschweiz.ch\/de\/?s={search_term_string}"},"query-input":{"@type":"PropertyValueSpecification","valueRequired":true,"valueName":"search_term_string"}}],"inLanguage":"de"}]}},"_links":{"self":[{"href":"https:\/\/europairschweiz.ch\/de\/wp-json\/wp\/v2\/pages\/13491","targetHints":{"allow":["GET"]}}],"collection":[{"href":"https:\/\/europairschweiz.ch\/de\/wp-json\/wp\/v2\/pages"}],"about":[{"href":"https:\/\/europairschweiz.ch\/de\/wp-json\/wp\/v2\/types\/page"}],"author":[{"embeddable":true,"href":"https:\/\/europairschweiz.ch\/de\/wp-json\/wp\/v2\/users\/2"}],"replies":[{"embeddable":true,"href":"https:\/\/europairschweiz.ch\/de\/wp-json\/wp\/v2\/comments?post=13491"}],"version-history":[{"count":2,"href":"https:\/\/europairschweiz.ch\/de\/wp-json\/wp\/v2\/pages\/13491\/revisions"}],"predecessor-version":[{"id":17405,"href":"https:\/\/europairschweiz.ch\/de\/wp-json\/wp\/v2\/pages\/13491\/revisions\/17405"}],"wp:attachment":[{"href":"https:\/\/europairschweiz.ch\/de\/wp-json\/wp\/v2\/media?parent=13491"}],"curies":[{"name":"wp","href":"https:\/\/api.w.org\/{rel}","templated":true}]}}