{"id":13498,"date":"2014-10-23T12:08:19","date_gmt":"2014-10-23T12:08:19","guid":{"rendered":"https:\/\/europairschweiz.ch\/about-us\/"},"modified":"2025-11-28T16:16:59","modified_gmt":"2025-11-28T15:16:59","slug":"ueber-uns","status":"publish","type":"page","link":"https:\/\/europairschweiz.ch\/de\/ueber-uns\/","title":{"rendered":"\u00dcber uns"},"content":{"rendered":"<p>[vc_row][vc_column width=&#8220;1\/2&#8243;][vc_column_text]<\/p>\n<h4><b><span lang=\"DE-CH\">Erfahrung und starke Partnerschaften<\/span><\/b><\/h4>\n<p><span lang=\"DE-CH\">F\u00fcr unsere Kunden schafft die europair Schweiz AG einen \u00f6konomischen und \u00f6kologischen Mehrwert w\u00e4hrend der Projektierung, Errichtung und dem Betrieb geb\u00e4udetechnischen L\u00fcftungsanlagen. <\/span><\/p>\n<p><span lang=\"DE-CH\">Unsere <\/span><span lang=\"DE-CH\">Produkte kombinieren ein hohes Level an Technologie und Design. Unser Ziel ist es maximalen Komfort und die bestm\u00f6gliche Luftqualit\u00e4t in Innenr\u00e4umen zu erzielen.<\/span><\/p>\n<p><span lang=\"DE-CH\">Mit starken Partnern an unserer Seite, bieten wir unserem Kunden ein breitgef\u00e4chertes Produktesortiment mit hochqualitativen Produkten zu fairen Preisen. <\/span><\/p>\n<p><span lang=\"DE-CH\">Eine partnerschaftliche und pers\u00f6nliche Gesch\u00e4ftsbeziehung mit kurzen Lieferfristen geh\u00f6ren zu unseren St\u00e4rken.<\/span><\/p>\n<p><span lang=\"DE-CH\">Unser Team f\u00fcr die Schweiz ist bestens vernetzt und mit mehr als 50 Jahren Erfahrung im Markt gut ger\u00fcstet.<\/span>[\/vc_column_text]<div class=\"clearboth\"><\/div><div class=\"sc-divider\" style=\"margin-bottom: 27px;\"><\/div>[vc_column_text]<\/p>\n<h3><b><span lang=\"DE-CH\">Unsere Kunden<\/span><\/b><\/h3>\n<p><span lang=\"DE-CH\">Unser Kunden sch\u00e4tzen die Projektierung, Lieferung und Support in den Bereichen L\u00fcftungsger\u00e4te, Wohnrauml\u00fcftung, Luftdurchl\u00e4sse, Peripherie, Brandschutz und Entrauchung.<\/span><\/p>\n<p lang=\"de-DE\"><span lang=\"DE-CH\">Dank langj\u00e4hriger Erfahrung, ausgewiesener Fachkompetenz sowie st\u00e4ndiger Weiterbildung, garantieren wir unseren Kunden ein hohes Qualit\u00e4tsniveau. So sind wir in der Lage f\u00fcr jeden Kunden und jeden Auftrag die beste, effizienteste und nachhaltigste L\u00f6sung zu projektieren und zu liefern.<\/span><\/p>\n<p>[\/vc_column_text][\/vc_column][vc_column width=&#8220;1\/2&#8243;][vc_column_text]<\/p>\n<h3 style=\"text-align: center;\">Management<\/h3>\n<p>[\/vc_column_text]<div class=\"clearboth\"><\/div><div class=\"sc-divider\" style=\"margin-top: 1px;\"><\/div><div class=\"sc-team row inline-row sc-team-style-rounded\">\n<div class=\"col-xs-12 inline-column\"> <div id=\"post-13534\" class=\"team-person post-13534 scalia_team_person type-scalia_team_person status-publish has-post-thumbnail hentry\"> <div class=\"team-person-image\"><img decoding=\"async\" src=\"https:\/\/europairschweiz.ch\/wp-content\/uploads\/2014\/10\/profilepic082023-1-e1705759642432-scalia-person.jpg\" alt=\"\" class=\"img-circle img-responsive\" ><\/div> <div class=\"team-person-info\"> <div class=\"team-person-name\">Roland Hilgers<\/div> <div class=\"team-person-email\"><a href=\"mailto:geschaeftsleitung@europairschweiz.ch\">geschaeftsleitung@europairschweiz.ch<\/a><\/div> <\/div> <\/div>\n<\/div>\n<\/div>[\/vc_column][\/vc_row][vc_row][vc_column][\/vc_column][\/vc_row]<\/p>\n","protected":false},"excerpt":{"rendered":"<p>[vc_row][vc_column width=&#8220;1\/2&#8243;][vc_column_text] Erfahrung und starke Partnerschaften F\u00fcr unsere Kunden schafft die europair Schweiz AG einen \u00f6konomischen und \u00f6kologischen Mehrwert w\u00e4hrend&#8230;<\/p>\n","protected":false},"author":2,"featured_media":0,"parent":0,"menu_order":0,"comment_status":"closed","ping_status":"closed","template":"","meta":{"_exactmetrics_skip_tracking":false,"_exactmetrics_sitenote_active":false,"_exactmetrics_sitenote_note":"","_exactmetrics_sitenote_category":0,"footnotes":""},"class_list":["post-13498","page","type-page","status-publish","hentry"],"yoast_head":"<!-- This site is optimized with the Yoast SEO plugin v27.4 - https:\/\/yoast.com\/product\/yoast-seo-wordpress\/ -->\n<title>\u00dcber uns - Europair Schweiz AG - Multisite<\/title>\n<meta name=\"robots\" content=\"index, follow, max-snippet:-1, max-image-preview:large, max-video-preview:-1\" \/>\n<link rel=\"canonical\" href=\"https:\/\/europairschweiz.ch\/de\/ueber-uns\/\" \/>\n<meta property=\"og:locale\" content=\"de_DE\" \/>\n<meta property=\"og:type\" content=\"article\" \/>\n<meta property=\"og:title\" content=\"\u00dcber uns - Europair Schweiz AG - Multisite\" \/>\n<meta property=\"og:description\" content=\"[vc_row][vc_column width=&#8220;1\/2&#8243;][vc_column_text] Erfahrung und starke Partnerschaften F\u00fcr unsere Kunden schafft die europair Schweiz AG einen \u00f6konomischen und \u00f6kologischen Mehrwert w\u00e4hrend...\" \/>\n<meta property=\"og:url\" content=\"https:\/\/europairschweiz.ch\/de\/ueber-uns\/\" \/>\n<meta property=\"og:site_name\" content=\"Europair Schweiz AG - Multisite\" \/>\n<meta property=\"article:modified_time\" content=\"2025-11-28T15:16:59+00:00\" \/>\n<meta name=\"twitter:card\" content=\"summary_large_image\" \/>\n<meta name=\"twitter:label1\" content=\"Gesch\u00e4tzte Lesezeit\" \/>\n\t<meta name=\"twitter:data1\" content=\"1\u00a0Minute\" \/>\n<script type=\"application\/ld+json\" class=\"yoast-schema-graph\">{\"@context\":\"https:\\\/\\\/schema.org\",\"@graph\":[{\"@type\":\"WebPage\",\"@id\":\"https:\\\/\\\/europairschweiz.ch\\\/de\\\/ueber-uns\\\/\",\"url\":\"https:\\\/\\\/europairschweiz.ch\\\/de\\\/ueber-uns\\\/\",\"name\":\"\u00dcber uns - Europair Schweiz AG - Multisite\",\"isPartOf\":{\"@id\":\"https:\\\/\\\/europairschweiz.ch\\\/de\\\/#website\"},\"datePublished\":\"2014-10-23T12:08:19+00:00\",\"dateModified\":\"2025-11-28T15:16:59+00:00\",\"breadcrumb\":{\"@id\":\"https:\\\/\\\/europairschweiz.ch\\\/de\\\/ueber-uns\\\/#breadcrumb\"},\"inLanguage\":\"de\",\"potentialAction\":[{\"@type\":\"ReadAction\",\"target\":[\"https:\\\/\\\/europairschweiz.ch\\\/de\\\/ueber-uns\\\/\"]}]},{\"@type\":\"BreadcrumbList\",\"@id\":\"https:\\\/\\\/europairschweiz.ch\\\/de\\\/ueber-uns\\\/#breadcrumb\",\"itemListElement\":[{\"@type\":\"ListItem\",\"position\":1,\"name\":\"Startseite\",\"item\":\"https:\\\/\\\/europairschweiz.ch\\\/de\\\/\"},{\"@type\":\"ListItem\",\"position\":2,\"name\":\"\u00dcber uns\"}]},{\"@type\":\"WebSite\",\"@id\":\"https:\\\/\\\/europairschweiz.ch\\\/de\\\/#website\",\"url\":\"https:\\\/\\\/europairschweiz.ch\\\/de\\\/\",\"name\":\"Europair Schweiz AG - Multisite\",\"description\":\"\",\"potentialAction\":[{\"@type\":\"SearchAction\",\"target\":{\"@type\":\"EntryPoint\",\"urlTemplate\":\"https:\\\/\\\/europairschweiz.ch\\\/de\\\/?s={search_term_string}\"},\"query-input\":{\"@type\":\"PropertyValueSpecification\",\"valueRequired\":true,\"valueName\":\"search_term_string\"}}],\"inLanguage\":\"de\"}]}<\/script>\n<!-- \/ Yoast SEO plugin. -->","yoast_head_json":{"title":"\u00dcber uns - Europair Schweiz AG - Multisite","robots":{"index":"index","follow":"follow","max-snippet":"max-snippet:-1","max-image-preview":"max-image-preview:large","max-video-preview":"max-video-preview:-1"},"canonical":"https:\/\/europairschweiz.ch\/de\/ueber-uns\/","og_locale":"de_DE","og_type":"article","og_title":"\u00dcber uns - Europair Schweiz AG - Multisite","og_description":"[vc_row][vc_column width=&#8220;1\/2&#8243;][vc_column_text] Erfahrung und starke Partnerschaften F\u00fcr unsere Kunden schafft die europair Schweiz AG einen \u00f6konomischen und \u00f6kologischen Mehrwert w\u00e4hrend...","og_url":"https:\/\/europairschweiz.ch\/de\/ueber-uns\/","og_site_name":"Europair Schweiz AG - Multisite","article_modified_time":"2025-11-28T15:16:59+00:00","twitter_card":"summary_large_image","twitter_misc":{"Gesch\u00e4tzte Lesezeit":"1\u00a0Minute"},"schema":{"@context":"https:\/\/schema.org","@graph":[{"@type":"WebPage","@id":"https:\/\/europairschweiz.ch\/de\/ueber-uns\/","url":"https:\/\/europairschweiz.ch\/de\/ueber-uns\/","name":"\u00dcber uns - Europair Schweiz AG - Multisite","isPartOf":{"@id":"https:\/\/europairschweiz.ch\/de\/#website"},"datePublished":"2014-10-23T12:08:19+00:00","dateModified":"2025-11-28T15:16:59+00:00","breadcrumb":{"@id":"https:\/\/europairschweiz.ch\/de\/ueber-uns\/#breadcrumb"},"inLanguage":"de","potentialAction":[{"@type":"ReadAction","target":["https:\/\/europairschweiz.ch\/de\/ueber-uns\/"]}]},{"@type":"BreadcrumbList","@id":"https:\/\/europairschweiz.ch\/de\/ueber-uns\/#breadcrumb","itemListElement":[{"@type":"ListItem","position":1,"name":"Startseite","item":"https:\/\/europairschweiz.ch\/de\/"},{"@type":"ListItem","position":2,"name":"\u00dcber uns"}]},{"@type":"WebSite","@id":"https:\/\/europairschweiz.ch\/de\/#website","url":"https:\/\/europairschweiz.ch\/de\/","name":"Europair Schweiz AG - Multisite","description":"","potentialAction":[{"@type":"SearchAction","target":{"@type":"EntryPoint","urlTemplate":"https:\/\/europairschweiz.ch\/de\/?s={search_term_string}"},"query-input":{"@type":"PropertyValueSpecification","valueRequired":true,"valueName":"search_term_string"}}],"inLanguage":"de"}]}},"_links":{"self":[{"href":"https:\/\/europairschweiz.ch\/de\/wp-json\/wp\/v2\/pages\/13498","targetHints":{"allow":["GET"]}}],"collection":[{"href":"https:\/\/europairschweiz.ch\/de\/wp-json\/wp\/v2\/pages"}],"about":[{"href":"https:\/\/europairschweiz.ch\/de\/wp-json\/wp\/v2\/types\/page"}],"author":[{"embeddable":true,"href":"https:\/\/europairschweiz.ch\/de\/wp-json\/wp\/v2\/users\/2"}],"replies":[{"embeddable":true,"href":"https:\/\/europairschweiz.ch\/de\/wp-json\/wp\/v2\/comments?post=13498"}],"version-history":[{"count":4,"href":"https:\/\/europairschweiz.ch\/de\/wp-json\/wp\/v2\/pages\/13498\/revisions"}],"predecessor-version":[{"id":17376,"href":"https:\/\/europairschweiz.ch\/de\/wp-json\/wp\/v2\/pages\/13498\/revisions\/17376"}],"wp:attachment":[{"href":"https:\/\/europairschweiz.ch\/de\/wp-json\/wp\/v2\/media?parent=13498"}],"curies":[{"name":"wp","href":"https:\/\/api.w.org\/{rel}","templated":true}]}}