{"id":13561,"date":"2018-12-18T08:02:26","date_gmt":"2018-12-18T08:02:26","guid":{"rendered":"https:\/\/europairschweiz.ch\/terms-conditions\/"},"modified":"2025-11-19T07:16:57","modified_gmt":"2025-11-19T06:16:57","slug":"geschaeftsbedingungen","status":"publish","type":"page","link":"https:\/\/europairschweiz.ch\/de\/geschaeftsbedingungen\/","title":{"rendered":"Gesch\u00e4ftsbedingungen"},"content":{"rendered":"<p>[vc_row][vc_column width=&#8220;1\/2&#8243;][vc_column_text]<\/p>\n<h5><a href=\"https:\/\/europairschweiz.ch\/wp-content\/uploads\/2025\/11\/Geschaeftsbedingungen.pdf\">\u2193 Gesch\u00e4ftsbedingungen<\/a><\/h5>\n<h4>1. Allgemeines<\/h4>\n<p>1.1 Diese Allgemeinen Gesch\u00e4ftsbedingungen regeln die Beziehungen zwischen den Kunden und europair Schweiz AG und gelten f\u00fcr deren Dienstleistungen und Produkte. Davon abweichende Bestimmungen gelten nur, soweit sie von europair Schweiz AG ausdr\u00fccklich und schriftlich erkl\u00e4rt werden. Anwendbarkeit der geltenden Bestimmungen ist wie folgt: Prim\u00e4r gelten die Allgemeinen Gesch\u00e4ftsbedingungen. Davon abweichende ausdr\u00fcckliche und schriftliche Vereinbarungen zwischen Kunde und europair Schweiz AG gehen den Allgemeinen Gesch\u00e4ftsbedingungen vor.<\/p>\n<p>1.2 Alle Vereinbarungen und rechtserheblichen Erkl\u00e4rungen der Vertragsparteien bed\u00fcrfen zu ihrer G\u00fcltigkeit der Schriftform.<\/p>\n<p>1.3 Lieferungen und Leistungen, welche europair Schweiz AG f\u00fcr den Export anbietet, erfolgen auf einer Ex Works Basis (INCOTERMS)<\/p>\n<p>1.4 Handelt es sich beim Vertragspartner um eine juristische Person, muss diejenige diejenigen Personen, welche f\u00fcr den Gesch\u00e4ftspartner zeichnen, unterschriftsberechtigt sein. Handelt es sich beim Gesch\u00e4ftspartner um eine nat\u00fcrliche Person, muss diese vollj\u00e4hrig und handlungsf\u00e4hig sein. F\u00fcr Minderj\u00e4hrige kann verlangt werden, dass der Vertrag durch den oder die Erziehungsberechtigten unterzeichnet wird. europair Schweiz AG ist berechtigt, Identit\u00e4t und\/oder Handlungsvollmacht der Gegenpartei bzw. des Abholers zu \u00fcberpr\u00fcfen, insbesondere kann sie einen Handelsregisterauszug, einen amtlichen Ausweis bzw. eine Vollmacht verlangen.<\/p>\n<h4>2. Offerten und Vertragsabschluss<\/h4>\n<p>2.1 Ein Vertrag gilt dann als geschlossen, wenn die schriftliche Offerte von europair Schweiz AG durch den Kunden schriftlich best\u00e4tigt wird oder eine schriftlich rechtsg\u00fcltige Auftragsbest\u00e4tigung von europair Schweiz AG vorliegt.<\/p>\n<p>2.2 Wird eine Offerte von europair Schweiz AG nicht innert einer Frist von 30 Tagen schriftlich angenommen, so ist europair Schweiz AG nicht mehr an die Offerte gebunden.<\/p>\n<h4>3. Umfang der Lieferung und Leistung<\/h4>\n<p>3.1 F\u00fcr Umfang und Amtsf\u00fchrung der Lieferung und Leistung ist der konkrete Vertrag massgebend. Material oder Leistungen, die darin nicht enthalten sind oder zus\u00e4tzlich verlangt werden, werden zus\u00e4tzlich in Rechnung gestellt. \u00c4nderungen gegen\u00fcber der Auftragsbest\u00e4tigung k\u00f6nnen durch europair Schweiz AG ohne R\u00fccksprache beim Kunden vorgenommen werden, sofern diese eine Verbesserung bewirken.<\/p>\n<h4>4. Vorschriften am Bestimmungsort<\/h4>\n<p>4.1 Der Kunde hat europair Schweiz AG sp\u00e4testens mit der Bestellung auf die gesetzlichen, beh\u00f6rdlichen und anderen Vorschriften, Normen und besonderen Verh\u00e4ltnisse (technische Vorgaben, \u00d6rtlichkeit ) aufmerksam zu machen, die sich auf die Ausf\u00fchrung der Lieferungen und Leistungen beziehen bzw. auswirken k\u00f6nnen.<\/p>\n<p>4.2 Die Lieferungen und Leistungen von europair Schweiz AG sind ausschliesslich f\u00fcr den Gebrauch in R\u00e4umen abgestimmt und vorgesehen. Insbesondere ist die Benutzung der Ger\u00e4te im Freien nicht gestattet.<\/p>\n<h4>5. Preise<\/h4>\n<p>5.1 Die Preise der europair Schweiz AG verstehen sich, soweit nichts anders vereinbart wird, netto, ab Lager, in Schweizerfranken, ohne Verpackung, Transport, Versicherung, MWST, weitere Abgaben, Geb\u00fchren, allf\u00e4llige Montage-, Installations-, Inbetriebnahme- und sonstige Zusatzkosten.<\/p>\n<p>5.2 Erh\u00f6hen sich zwischen Vertragsabschluss und Auslieferung die der Kalkulation zugrundeliegenden Kosten, so ist europair Schweiz AG bis zur endg\u00fcltigen Erledigung des ihr erteilten Auftrags berechtigt, die in der Auftragsbest\u00e4tigung genannten Preise entsprechend anzupassen.<\/p>\n<h4>6. Zahlungsbedingungen<\/h4>\n<p>6.1 Die Rechnungsstellung erfolgt, sobald die bestellte Ware oder Dienstleistung oder die vereinbarten Teillieferungen dazu als abholbereit oder fertig gemeldet Lieferungen in andere L\u00e4nder erfolgen gegen ein durch eine angesehene Schweizer Bank best\u00e4tigtes Akkreditiv.<\/p>\n<p>6.2 Die Zahlungen sind vom Kunden am Domizil der europair Schweiz AG bei Rechnungsstellung innert 30 Tagen ohne Abzug von Skonto, Spesen, Steuern und Geb\u00fchren irgendwelcher Art zu Anderslautende Zahlungsbedingungen werden speziell vereinbart.<\/p>\n<p>6.3 Bei Zahlungsverzug beh\u00e4lt sich europair Schweiz AG die sofortige Einstellung von weiteren Leistungen und Lieferungen vor und ist berechtigt, einen Verzugszins von 5% zu berechnen. Der Zinsenlauf beginnt am darauf folgenden Tag, nachdem die Zahlung h\u00e4tte erfolgen sollen. Mahngeb\u00fchren und Ersatz weiteren Schadens bleiben vorbehalten.<\/p>\n<p>6.4 Der Kunde kann Forderungen von europair Schweiz AG nicht mit allf\u00e4lligen Gegenforderungen verrechnen.<\/p>\n<h4>7. Lieferfrist<\/h4>\n<p>7.1 Die Lieferfrist beginnt, sobald der Vertrag abgeschlossen, s\u00e4mtliche erforderlichen Formalit\u00e4ten eingeholt, die bei Bestellung zu erbringenden Zahlungen und Sicherheiten geleistet, sowie europair Schweiz AG im Besitz aller erforderlichen Dokumente, Materialien, Daten und Informationen ist, welche zur Bestellungsausf\u00fchrung erforderlich Die Lieferfrist gilt als eingehalten, wenn bis zu ihrem Ablauf die Bestellung als fertig oder abholbereit gemeldet ist.<\/p>\n<p>7.2 Die Lieferfrist wird angemessen verl\u00e4ngert:<\/p>\n<ul>\n<li>wenn die Angaben, Dokumente die f\u00fcr die Ausf\u00fchrung der Bestellung ben\u00f6tigt werden, europair Schweiz AG nicht rechtzeitig zugehen, oder wenn diese durch den Kunden nachtr\u00e4glich abge\u00e4ndert werden;<\/li>\n<li>wenn Zahlungsfristen nicht eingehalten werden, Akkreditive zu sp\u00e4t er\u00f6ffnet oder best\u00e4tigt werden oder erforderliche Import- und Exportlizenzen nicht rechtzeitig bei europair Schweiz AG eintreffen;<\/li>\n<li>wenn Hindernisse auftreten, die europair Schweiz AG trotz Anwendung der gebotenen Sorgfalt nicht abwenden kann, ungeachtet ob diese bei europair Schweiz AG, beim Kunden oder einem Dritten entstehen;<\/li>\n<li>bei Eintritt h\u00f6herer Gewalt (beispielsweise Epidemien, Mobilmachung, Krieg, Aufruhr, Naturereignisse, erhebliche Betriebsst\u00f6rungen, Unf\u00e4lle, Arbeitskonflikte);<\/li>\n<li>bei versp\u00e4teter oder fehlerhafter Zulieferung der ben\u00f6tigten Halb- oder Fertigfabrikate und beh\u00f6rdlichen Massnahmen oder Unterlassungen.<\/li>\n<\/ul>\n<p>[\/vc_column_text][\/vc_column][vc_column width=&#8220;1\/2&#8243;][vc_column_text]<\/p>\n<h4>8. Lieferung, Transport, Lagerung und Versicherung<\/h4>\n<p>8.1 Die Produkte werden von europair Schweiz AG sorgf\u00e4ltig verpackt. Die Verpackung wird dem Kunden zu Selbstkosten verrechnet.<\/p>\n<p>8.2 Besondere W\u00fcnsche betreffend Versand, Lagerung und Versicherung sind europair Schweiz AG rechtzeitig bekannt zu geben. Der Transport und die Lagerung erfolgen auf Rechnung und Gefahr des Kunden.<\/p>\n<p>8.3 Die Versicherung gegen Sch\u00e4den irgendwelcher Art obliegt dem Kunden. Schliesst europair Schweiz AG eine Versicherung ab, geht diese auf Rechnung des Kunden.<\/p>\n<p>8.4 Wir bei Abholung der Waren am Domizil europair Schweiz AG durch Kunde, durch beauftragte Dritte oder Transporteur eine Instruktion zur Bedienung gew\u00fcnscht, beh\u00e4lt sich europair Schweiz AG das Recht vor, diese separat in Rechnung zu stellen.<\/p>\n<h4>9. Pr\u00fcfung und Abnahme der Lieferungen und Leistungen<\/h4>\n<p>9.1 europair Schweiz AG wird die Lieferungen und Leistungen gem\u00e4ss festgelegten internen Pr\u00fcfanweisungen vor Versand pr\u00fcfen, ausgenommen gegenseitig vereinbarte Direktlieferungen. Verlangt der Kunde weitergehende Pr\u00fcfungen, sind diese besonders zu vereinbaren und vom Kunden zu bezahlen.<\/p>\n<p>9.2 Der Kunde hat die Lieferungen und Leistungen innert angemessener Frist, sp\u00e4testens innert 10 Tagen nach Erhalt, zu pr\u00fcfen und europair Schweiz AG eventuelle M\u00e4ngel unverz\u00fcglich schriftlich bekannt zu geben. Unterl\u00e4sst er dies, gelten die Lieferungen und Leistungen als Dies gilt auch bei Lieferungen an Dritte. R\u00fccksendungen von Produkten haben original verpackt sowie unter Beilage einer detaillierten Fehler- bzw. M\u00e4ngelbeschreibung sowie des Lieferscheins oder der Rechnung zu erfolgen.<\/p>\n<p>9.3 europair Schweiz AG hat die rechtzeitig mitgeteilten M\u00e4ngel so rasch als m\u00f6glich zu beheben, und der Kunde hat ihr hierzu Gelegenheit zu geben.<\/p>\n<p>9.4 Weist die Lieferung oder Leistung M\u00e4ngel auf, so beschr\u00e4nkt sich die Gew\u00e4hrleistung und Haftung von europair Schweiz AG auf diese M\u00e4ngel. Ein R\u00fccktrittsrecht des Kunden besteht nicht.<\/p>\n<p>9.5 Demonstrationsger\u00e4te sind innert Frist von 10 Tagen zu retournieren.<\/p>\n<p>9.6 Ein allf\u00e4lliger Wartungsvertrag f\u00fcr die Gew\u00e4hrung der Funktionalit\u00e4ten \u00fcber das Abnahmedatum hinaus wird separat vereinbart.<\/p>\n<h4>10.\u00a0\u00a0\u00a0 Software-Programme (Sourcecode \/ Quellcode)<\/h4>\n<p>10.1 Der Sourcecode\/Quellcode der Programmierung bleibt Eigentum der Firma europair Schweiz AG. Wird er Sourcecode\/Quellcode dem Kunden \u00fcberlassen, muss dies vorher schriftlich vereinbart werden.<\/p>\n<p>10.2 europair Schweiz AG stellt die Software f\u00fcr Ihre Produkte nach dem Wunsch des Kunden her, passt diese dem Wunsch des Kunden an. europair Schweiz AG kann nicht garantieren, dass die Software jederzeit fehlerfrei l\u00e4uft, insbesondere dann nicht, wenn die zugrundeliegende Hardware\/Betriebssystem Fehler aufweist. Daher kann es zu minimalen Betriebsunterbr\u00fcchen der Software kommen. Bei reproduzierbaren Softwarefehlern behebt europair Schweiz AG diese innerhalb der Gew\u00e4hrleistungsfrist.<\/p>\n<p>10.3 Die Gew\u00e4hrleistung f\u00fcr die von europair Schweiz AG gelieferte Software beschr\u00e4nkt sich nur die Funktionalit\u00e4t und nicht auf die dazugeh\u00f6renden Hardwarekomponenten wie SPS Steuerungen, Server usw.<\/p>\n<h4>11.\u00a0\u00a0 Gew\u00e4hrleistung, Haftung f\u00fcr M\u00e4ngel und Termine<\/h4>\n<p>11.1 europair Schweiz AG haftet nur f\u00fcr zugesicherte Eigenschaften und Zugesicherte Eigenschaften und Termine sind nur jene, die in der Auftragsbest\u00e4tigung oder Offerte schriftlich und ausdr\u00fccklich als solche bezeichnet sind. Die Gew\u00e4hrleistungsfrist f\u00fcr verdeckte M\u00e4ngel betr\u00e4gt grunds\u00e4tzlich 1 Jahr und beginnt mit der Auslieferung oder Mitteilung der Abholbereitschaft oder der Lieferung an das Lager der europair Schweiz AG. Bei nicht durch europair Schweiz AG hergestellten Erzeugnissen ist die Gew\u00e4hrleistungsfrist grunds\u00e4tzlich 12 Monate oder maximal 24 Monate sofern dies in den Bestimmungen des Unterlieferanten vorgesehen ist. Handelt es sich um Gebrauchte Ger\u00e4te \u00fcbernimmt europair Schweiz AG keine Gew\u00e4hrleistung.<\/p>\n<p>11.2 Voraussetzung f\u00fcr die Erf\u00fcllung der Gew\u00e4hrleistung innerhalb der Gew\u00e4hrleistungsfrist ist die Anlieferung des mangelhaften Ger\u00e4tes frachtfrei an den Sitz der europair Schweiz AG.<\/p>\n<p>11.3 Die Gew\u00e4hrleistung erlischt vorzeitig, wenn der Kunde oder Dritte \u00c4nderungen oder Reparaturen vornehmen vornehmen lassen oder wenn der Kunde, falls ein Mangel aufgetreten ist, nicht umgehend alle geeigneten Massnahmen zur Schadensminderung trifft und europair Schweiz AG Gelegenheit gibt, den Mangel zu beheben oder einen Dritten zu bezeichnen, der die M\u00e4ngel behebt.<\/p>\n<p>11.4 Von der Gew\u00e4hrleistung und Haftung der europair Schweiz AG ausgeschlossen sind Sch\u00e4den an Lieferungen und Leistungen infolge nat\u00fcrlicher Abnutzung, mangelhafter Wartung, Missachtung von Betriebs- oder Transportvorschriften, \u00fcberm\u00e4ssiger Beanspruchung, ungeeigneter Betriebsmittel und ungeeigneter Platzierung, Verwendung in ungeeigneten R\u00e4umen oder im Freien, chemischer oder elektromagnetischer Einfl\u00fcsse, sowie infolge anderer Gr\u00fcnde, die europair Schweiz AG nicht zu vertreten hat.<\/p>\n<p>11.5 europair Schweiz AG \u00fcbernimmt ohne ausdr\u00fcckliche schriftliche Abmachung keine Gew\u00e4hr, dass die bestellten Lieferungen und Leistungen sich f\u00fcr den vom Kunden vorgesehenen Verwendungszweck eignet und dass sie unter den beim Kunden oder Dritten gegebenen Bedingungen verwendet oder verarbeitet werden k\u00f6nnen.<\/p>\n<p>11.6 Wird vom Kunden eine Funktionsgarantie verlangt, hat der Kunde die entstandenen Kosten f\u00fcr Abkl\u00e4rungen und Tests zu \u00fcbernehmen.<\/p>\n<p>11.7 Wegen Mangel in Material, Aufbau oder Ausf\u00fchrung sowie wegen Fehlens zugesicherter Eigenschaften hat der Kunde keine Rechte und Anspr\u00fcche ausser den ausdr\u00fccklich genannten. Es wird keine Haftung \u00fcbernommen f\u00fcr indirekte (mittelbare) Sch\u00e4den, welche sich aus der Nichteinhaltung von zugesicherten Terminen oder aus dem Gebrauch, durch Fehlleistung oder Leistungsausfall der von europair Schweiz AG erbrachten Lieferungen und Leistungen ergeben. Die Haftung f\u00fcr M\u00e4ngel ist beschr\u00e4nkt auf den Ersatz die Reparatur mangelhafter Lieferungen und Leistungen. europair Schweiz AG steht das Recht zu, anstelle der Reparaturen bzw. des Ersatzes dem Kunden den Rechnungswert der mangelhaften Lieferungen und Leistungen zur\u00fcckzuerstatten.<\/p>\n<p>11.8 Die Haftung ist ausgeschlossen, wenn die Ger\u00e4te nicht in den daf\u00fcr vorgesehenen und geeigneten R\u00e4umen verwendet werden.<\/p>\n<p>11.9 Vorbehalten bleiben die zwingenden gesetzlichen Bestimmungen die eine Haftung f\u00fcr europair Schweiz AG vorsehen.<\/p>\n<h4>12.\u00a0\u00a0\u00a0 Eigentumsvorbehalt<\/h4>\n<p>12.1 europair Schweiz AG beh\u00e4lt sich das Eigentum aller gelieferten Waren bis zur vollst\u00e4ndigen Zahlungen der damit im Zusammenhang stehenden Rechnungen europair Schweiz AG ist berechtigt, den Eigentumsvorbehalt im Eigentumsvorbehaltsregister eintragen zu lassen. Bei vertragswidrigem Verhalten, insbesondere Zahlungsverzug, ist europair Schweiz AG berechtigt, nach Mahnung und Androhung die R\u00fcckgabe der Ware vom Empf\u00e4nger zur\u00fcck zu verlangen. Alle damit zusammenh\u00e4ngenden Aufw\u00e4nde werden zus\u00e4tzlich in Rechnung gestellt.<\/p>\n<h4>13.\u00a0\u00a0\u00a0 Gerichtsstand und anwendbares Recht<\/h4>\n<p>13.1 Gerichtsstand ist am Sitz der europair Schweiz AG. europair Schweiz AG ist jedoch berechtigt, den Kunden an dessen Sitz zu belangen.<\/p>\n<p>13.2 Das Rechtsverh\u00e4ltnis untersteht ausschliesslich dem schweizerischen materiellen Recht (OR), unter Ausschluss des Schweizerischen Internationalen Privatrechts und internationalen Vereinbarungen.<\/p>\n<p>&nbsp;<\/p>\n<p>Diese Allgemeinen Gesch\u00e4ftsbedingungen k\u00f6nnen jederzeit durch europair Schweiz AG abge\u00e4ndert werden.[\/vc_column_text][\/vc_column][\/vc_row]<\/p>\n","protected":false},"excerpt":{"rendered":"<p>[vc_row][vc_column width=&#8220;1\/2&#8243;][vc_column_text] \u2193 Gesch\u00e4ftsbedingungen 1. Allgemeines 1.1 Diese Allgemeinen Gesch\u00e4ftsbedingungen regeln die Beziehungen zwischen den Kunden und europair Schweiz AG&#8230;<\/p>\n","protected":false},"author":2,"featured_media":0,"parent":0,"menu_order":0,"comment_status":"closed","ping_status":"closed","template":"","meta":{"_exactmetrics_skip_tracking":false,"_exactmetrics_sitenote_active":false,"_exactmetrics_sitenote_note":"","_exactmetrics_sitenote_category":0,"footnotes":""},"class_list":["post-13561","page","type-page","status-publish","hentry"],"yoast_head":"<!-- This site is optimized with the Yoast SEO plugin v27.4 - https:\/\/yoast.com\/product\/yoast-seo-wordpress\/ -->\n<title>Gesch\u00e4ftsbedingungen - Europair Schweiz AG - Multisite<\/title>\n<meta name=\"robots\" content=\"index, follow, max-snippet:-1, max-image-preview:large, max-video-preview:-1\" \/>\n<link rel=\"canonical\" href=\"https:\/\/europairschweiz.ch\/de\/geschaeftsbedingungen\/\" \/>\n<meta property=\"og:locale\" content=\"de_DE\" \/>\n<meta property=\"og:type\" content=\"article\" \/>\n<meta property=\"og:title\" content=\"Gesch\u00e4ftsbedingungen - Europair Schweiz AG - Multisite\" \/>\n<meta property=\"og:description\" content=\"[vc_row][vc_column width=&#8220;1\/2&#8243;][vc_column_text] \u2193 Gesch\u00e4ftsbedingungen 1. Allgemeines 1.1 Diese Allgemeinen Gesch\u00e4ftsbedingungen regeln die Beziehungen zwischen den Kunden und europair Schweiz AG...\" \/>\n<meta property=\"og:url\" content=\"https:\/\/europairschweiz.ch\/de\/geschaeftsbedingungen\/\" \/>\n<meta property=\"og:site_name\" content=\"Europair Schweiz AG - Multisite\" \/>\n<meta property=\"article:modified_time\" content=\"2025-11-19T06:16:57+00:00\" \/>\n<meta name=\"twitter:card\" content=\"summary_large_image\" \/>\n<meta name=\"twitter:label1\" content=\"Gesch\u00e4tzte Lesezeit\" \/>\n\t<meta name=\"twitter:data1\" content=\"10\u00a0Minuten\" \/>\n<script type=\"application\/ld+json\" class=\"yoast-schema-graph\">{\"@context\":\"https:\\\/\\\/schema.org\",\"@graph\":[{\"@type\":\"WebPage\",\"@id\":\"https:\\\/\\\/europairschweiz.ch\\\/de\\\/geschaeftsbedingungen\\\/\",\"url\":\"https:\\\/\\\/europairschweiz.ch\\\/de\\\/geschaeftsbedingungen\\\/\",\"name\":\"Gesch\u00e4ftsbedingungen - Europair Schweiz AG - Multisite\",\"isPartOf\":{\"@id\":\"https:\\\/\\\/europairschweiz.ch\\\/de\\\/#website\"},\"datePublished\":\"2018-12-18T08:02:26+00:00\",\"dateModified\":\"2025-11-19T06:16:57+00:00\",\"breadcrumb\":{\"@id\":\"https:\\\/\\\/europairschweiz.ch\\\/de\\\/geschaeftsbedingungen\\\/#breadcrumb\"},\"inLanguage\":\"de\",\"potentialAction\":[{\"@type\":\"ReadAction\",\"target\":[\"https:\\\/\\\/europairschweiz.ch\\\/de\\\/geschaeftsbedingungen\\\/\"]}]},{\"@type\":\"BreadcrumbList\",\"@id\":\"https:\\\/\\\/europairschweiz.ch\\\/de\\\/geschaeftsbedingungen\\\/#breadcrumb\",\"itemListElement\":[{\"@type\":\"ListItem\",\"position\":1,\"name\":\"Startseite\",\"item\":\"https:\\\/\\\/europairschweiz.ch\\\/de\\\/\"},{\"@type\":\"ListItem\",\"position\":2,\"name\":\"Gesch\u00e4ftsbedingungen\"}]},{\"@type\":\"WebSite\",\"@id\":\"https:\\\/\\\/europairschweiz.ch\\\/de\\\/#website\",\"url\":\"https:\\\/\\\/europairschweiz.ch\\\/de\\\/\",\"name\":\"Europair Schweiz AG - Multisite\",\"description\":\"\",\"potentialAction\":[{\"@type\":\"SearchAction\",\"target\":{\"@type\":\"EntryPoint\",\"urlTemplate\":\"https:\\\/\\\/europairschweiz.ch\\\/de\\\/?s={search_term_string}\"},\"query-input\":{\"@type\":\"PropertyValueSpecification\",\"valueRequired\":true,\"valueName\":\"search_term_string\"}}],\"inLanguage\":\"de\"}]}<\/script>\n<!-- \/ Yoast SEO plugin. -->","yoast_head_json":{"title":"Gesch\u00e4ftsbedingungen - Europair Schweiz AG - Multisite","robots":{"index":"index","follow":"follow","max-snippet":"max-snippet:-1","max-image-preview":"max-image-preview:large","max-video-preview":"max-video-preview:-1"},"canonical":"https:\/\/europairschweiz.ch\/de\/geschaeftsbedingungen\/","og_locale":"de_DE","og_type":"article","og_title":"Gesch\u00e4ftsbedingungen - Europair Schweiz AG - Multisite","og_description":"[vc_row][vc_column width=&#8220;1\/2&#8243;][vc_column_text] \u2193 Gesch\u00e4ftsbedingungen 1. Allgemeines 1.1 Diese Allgemeinen Gesch\u00e4ftsbedingungen regeln die Beziehungen zwischen den Kunden und europair Schweiz AG...","og_url":"https:\/\/europairschweiz.ch\/de\/geschaeftsbedingungen\/","og_site_name":"Europair Schweiz AG - Multisite","article_modified_time":"2025-11-19T06:16:57+00:00","twitter_card":"summary_large_image","twitter_misc":{"Gesch\u00e4tzte Lesezeit":"10\u00a0Minuten"},"schema":{"@context":"https:\/\/schema.org","@graph":[{"@type":"WebPage","@id":"https:\/\/europairschweiz.ch\/de\/geschaeftsbedingungen\/","url":"https:\/\/europairschweiz.ch\/de\/geschaeftsbedingungen\/","name":"Gesch\u00e4ftsbedingungen - Europair Schweiz AG - Multisite","isPartOf":{"@id":"https:\/\/europairschweiz.ch\/de\/#website"},"datePublished":"2018-12-18T08:02:26+00:00","dateModified":"2025-11-19T06:16:57+00:00","breadcrumb":{"@id":"https:\/\/europairschweiz.ch\/de\/geschaeftsbedingungen\/#breadcrumb"},"inLanguage":"de","potentialAction":[{"@type":"ReadAction","target":["https:\/\/europairschweiz.ch\/de\/geschaeftsbedingungen\/"]}]},{"@type":"BreadcrumbList","@id":"https:\/\/europairschweiz.ch\/de\/geschaeftsbedingungen\/#breadcrumb","itemListElement":[{"@type":"ListItem","position":1,"name":"Startseite","item":"https:\/\/europairschweiz.ch\/de\/"},{"@type":"ListItem","position":2,"name":"Gesch\u00e4ftsbedingungen"}]},{"@type":"WebSite","@id":"https:\/\/europairschweiz.ch\/de\/#website","url":"https:\/\/europairschweiz.ch\/de\/","name":"Europair Schweiz AG - Multisite","description":"","potentialAction":[{"@type":"SearchAction","target":{"@type":"EntryPoint","urlTemplate":"https:\/\/europairschweiz.ch\/de\/?s={search_term_string}"},"query-input":{"@type":"PropertyValueSpecification","valueRequired":true,"valueName":"search_term_string"}}],"inLanguage":"de"}]}},"_links":{"self":[{"href":"https:\/\/europairschweiz.ch\/de\/wp-json\/wp\/v2\/pages\/13561","targetHints":{"allow":["GET"]}}],"collection":[{"href":"https:\/\/europairschweiz.ch\/de\/wp-json\/wp\/v2\/pages"}],"about":[{"href":"https:\/\/europairschweiz.ch\/de\/wp-json\/wp\/v2\/types\/page"}],"author":[{"embeddable":true,"href":"https:\/\/europairschweiz.ch\/de\/wp-json\/wp\/v2\/users\/2"}],"replies":[{"embeddable":true,"href":"https:\/\/europairschweiz.ch\/de\/wp-json\/wp\/v2\/comments?post=13561"}],"version-history":[{"count":0,"href":"https:\/\/europairschweiz.ch\/de\/wp-json\/wp\/v2\/pages\/13561\/revisions"}],"wp:attachment":[{"href":"https:\/\/europairschweiz.ch\/de\/wp-json\/wp\/v2\/media?parent=13561"}],"curies":[{"name":"wp","href":"https:\/\/api.w.org\/{rel}","templated":true}]}}