{"id":13585,"date":"2019-01-30T07:48:49","date_gmt":"2019-01-30T07:48:49","guid":{"rendered":"https:\/\/europairschweiz.ch\/residental-ventilation\/"},"modified":"2019-03-06T06:44:35","modified_gmt":"2019-03-06T06:44:35","slug":"residental-ventilation","status":"publish","type":"page","link":"https:\/\/europairschweiz.ch\/fr\/residental-ventilation\/","title":{"rendered":"Habitat"},"content":{"rendered":"<p>[vc_row][vc_column][vc_column_text]<\/p>\n<h2>Un air de qualit\u00e9 chez vous : une n\u00e9cessit\u00e9 absolue<\/h2>\n<p><img loading=\"lazy\" decoding=\"async\" class=\"alignright wp-image-9810\" src=\"https:\/\/europairschweiz.ch\/wp-content\/uploads\/2014\/12\/1.jpg\" alt=\"\" width=\"450\" height=\"305\" srcset=\"https:\/\/europairschweiz.ch\/wp-content\/uploads\/2014\/12\/1.jpg 1280w, https:\/\/europairschweiz.ch\/wp-content\/uploads\/2014\/12\/1-300x203.jpg 300w, https:\/\/europairschweiz.ch\/wp-content\/uploads\/2014\/12\/1-768x520.jpg 768w, https:\/\/europairschweiz.ch\/wp-content\/uploads\/2014\/12\/1-1024x694.jpg 1024w\" sizes=\"auto, (max-width: 450px) 100vw, 450px\" \/>Beaucoup d&rsquo;entre nous passons au moins la moiti\u00e9 de notre temps chez nous, que ce soit dans une maison ou un appartement. Dans une certaine mesure, tout aire est pollu\u00e9. Quand nous parlons de pollution, nous pensons g\u00e9n\u00e9ralement aux gaz d&rsquo;\u00e9chappement des voitures et \u00e0 divers autres types d&rsquo;\u00e9missions.<\/p>\n<p>Comme nos maisons sont bien isol\u00e9es et souvent dot\u00e9es de fen\u00eatres \u00e0 double ou triple vitrage, l&rsquo;air a tendance \u00e0 stagner. C&rsquo;est dommage, mais plus notre maison est bien isol\u00e9e, plus la qualit\u00e9 de l&rsquo;air est mauvaise. Un bon air signifie non seulement un bien-\u00eatre accru, mais aussi l&rsquo;am\u00e9lioration de nos performances.<\/p>\n<p>Pour les enfants, la qualit\u00e9 de l&rsquo;air est encore plus importante pour \u00e9viter toute affection telles que <em>asthme<\/em> et autres <em>allergies<\/em>, qui se d\u00e9veloppent tr\u00e8s t\u00f4t et qui, selon de nombreuses recherches, d\u00e9pendent largement de <em>l&rsquo;environnement int\u00e9rieur<\/em>.<\/p>\n<h3>Solutions de ventilation pour nos maisons;<\/h3>\n<p><strong>Le but de la ventilation est de nous permettre de respirer de l&rsquo;air pur en \u00e9liminant l&rsquo;air stagnant et pollu\u00e9 de nos maisons tout en le rempla\u00e7ant par un air de bonne qualit\u00e9.<\/strong><\/p>\n<p>Il existe trois types de solutions techniques pour la ventilation. Il y a bien s\u00fbr des variantes \u00e0 l&rsquo;int\u00e9rieur de celles-ci, mais les principaux types sont :<\/p>\n<ul>\n<li>Ventilation naturelle<\/li>\n<li>Syst\u00e8me d&rsquo;extraction d&rsquo;air command\u00e9 par ventilateur<\/li>\n<li>Syst\u00e8me de ventilation \u00e9quilibr\u00e9 [compos\u00e9 de ventilateurs d&rsquo;alimentation et d&rsquo;extraction d&rsquo;air avec unit\u00e9 de r\u00e9cup\u00e9ration comme unit\u00e9 rotative ou \u00e0 contre-courant].<\/li>\n<\/ul>\n<p>&nbsp;[\/vc_column_text][vc_column_text]<\/p>\n<h3><strong>Syst\u00e8me de ventilation naturelle<\/strong><\/h3>\n<p>Le principe de la ventilation naturelle est simple. L&rsquo;air chaud \u00e0 l&rsquo;int\u00e9rieur monte et se dissipe \u00e0 travers les conduits, ce qui cr\u00e9e une pression n\u00e9gative dans le b\u00e2timent. En raison de la pression n\u00e9gative, de l&rsquo;air neuf est aspir\u00e9 de l&rsquo;ext\u00e9rieur, l&rsquo;air neuf arrive par les ouvertures et les vides dans la maison ou dans un appartement. Aucun ventilateur ou autre dispositif m\u00e9canique n&rsquo;est n\u00e9cessaire, ce qui semble \u00eatre la ventilation id\u00e9ale pour tous les types d&rsquo;habitations. Quelque chose d&rsquo;aussi simple du scotch isolant dans les fen\u00eatres peut ruiner un syst\u00e8me complet de ventilation naturelle et rendre la ventilation insuffisante. La plus grande diff\u00e9rence de temp\u00e9rature entre l&rsquo;air int\u00e9rieur et l&rsquo;air ext\u00e9rieur, les plus grands volumes d&rsquo;air \u00e9tant remplac\u00e9s. En \u00e9t\u00e9, lorsque la diff\u00e9rence est faible ou nulle, il n&rsquo;y aura pas de ventilation. La ventilation naturelle est donc toujours compl\u00e9t\u00e9e par l&rsquo;ouverture des fen\u00eatres, en particulier pendant la p\u00e9riode chaude de l&rsquo;ann\u00e9e o\u00f9 les forces motrices naturelles sont inexistantes.<\/p>\n<p>Les premiers syst\u00e8mes de ventilation naturelle fonctionnaient assez bien car les maisons n&rsquo;\u00e9taient pas bien isol\u00e9es et les pi\u00e8ces avaient tendance \u00e0 \u00eatre plus grandes. La chemin\u00e9e \u00e9tait toujours chaude car il fallait avoir un feu allum\u00e9 pour avoir de l&rsquo;eau chaude et un moyen de cuisson.<\/p>\n<p>M\u00eame un syst\u00e8me de ventilation naturelle qui fonctionne du point de vue de la ventilation entra\u00eene des effets ind\u00e9sirables. Si les flux d&rsquo;air sont suffisants pour cr\u00e9er un bon air \u00e0 l&rsquo;int\u00e9rieur, vous gaspillerez de l&rsquo;\u00e9nergie car l&rsquo;air chauff\u00e9 s&rsquo;\u00e9chappera directement et son \u00e9nergie sera perdue.<\/p>\n<p>Un autre probl\u00e8me avec la ventilation naturelle est qu&rsquo;on ne peut pas contr\u00f4ler la ventilation, nous sommes \u00e0 la merci des \u00e9l\u00e9ments. L&rsquo;air ne sera pas purifi\u00e9 car vous ne pouvez pas sortir un filtre sur chaque source d&rsquo;entr\u00e9e d&rsquo;air. La filtration de l&rsquo;air est une solution \u00e9vidente lorsque nous vivons dans des villes ou l\u00e0 o\u00f9 il y a des polluants connus dans l&rsquo;atmosph\u00e8re, ou si nous vivons pr\u00e8s de routes achaland\u00e9es. Mais il faut aussi envisager de filtrer l&rsquo;air dans les endroits o\u00f9 celui-ci n&rsquo;est pas consid\u00e9r\u00e9 comme \u00e9tant pollu\u00e9, car un filtre de bonne qualit\u00e9 peut \u00e9liminer les pollens qui peuvent souvent d\u00e9clencher une r\u00e9action allergique.<\/p>\n<p>&nbsp;<\/p>\n<p>Tout l&rsquo;air sortant du b\u00e2timent sera remplac\u00e9 par de l&rsquo;air non chauff\u00e9 de l&rsquo;ext\u00e9rieur. L&rsquo;air frais doit \u00eatre \u00e0 nouveau chauff\u00e9, ce qui co\u00fbte de l&rsquo;\u00e9nergie. L&rsquo;air frais entrant peut \u00e9galement provoquer des courants d&rsquo;air, ce qui est une raison courante pour poser du ruban isolant autour des fen\u00eatres et des portes. Le courant d&rsquo;air n&rsquo;est pas un probl\u00e8me pendant la partie chaude de l&rsquo;ann\u00e9e mais peut devenir une nuisance pendant l&rsquo;hiver lorsque l&rsquo;air frais entrant a une temp\u00e9rature inf\u00e9rieure \u00e0 0\u00b0C.[\/vc_column_text][vc_column_text]<\/p>\n<h3>Syst\u00e8me d&rsquo;extraction d&rsquo;air command\u00e9 par ventilateur<\/h3>\n<p>L&rsquo;extraction m\u00e9canique est l&rsquo;utilisation de ventilateurs pour contr\u00f4ler le d\u00e9bit d&rsquo;air dans une maison ou un appartement. Les ventilateurs aspirent l&rsquo;air du logement au moyen d&rsquo;un moteur et d&rsquo;une roue mont\u00e9s dans une sorte de bo\u00eetier. L&rsquo;air est en g\u00e9n\u00e9ral extrait de la cuisine, de la salle de bains et de la buanderie. Ce sont les pi\u00e8ces o\u00f9 l&rsquo;humidit\u00e9 et les odeurs ind\u00e9sirables sont les plus susceptibles de se produire. De la m\u00eame mani\u00e8re, la ventilation naturelle a lieu, l&rsquo;air est remplac\u00e9 par des espaces sous les portes, autour des ch\u00e2ssis de fen\u00eatres et, le cas \u00e9ch\u00e9ant, par des grilles d&rsquo;entr\u00e9e d&rsquo;air frais.<\/p>\n<p>Il est important de ne pas \u00e9vacuer l&rsquo;air par les chambres \u00e0 coucher et le salon, car l&rsquo;air circule dans la mauvaise direction, ce qui implique que l&rsquo;odeur de la cuisine et l&rsquo;humidit\u00e9 se r\u00e9pandent dans tout le logement.<\/p>\n<p>Les syst\u00e8mes d&rsquo;extraction command\u00e9s par ventilateur sont populaires car il s&rsquo;agit d&rsquo;une m\u00e9thode peu co\u00fbteuse et facile \u00e0 installer pour ventiler la maison ou l&rsquo;appartement. Cependant, un tel syst\u00e8me pr\u00e9sente le m\u00eame inconv\u00e9nient que la ventilation naturelle, car l&rsquo;air frais entrant n&rsquo;est pas trait\u00e9, il sera froid en hiver et il est presque certain qu&rsquo;il sera contamin\u00e9 par des polluants. Par cons\u00e9quent, il est courant que les grilles d&rsquo;air frais soient ferm\u00e9es en hiver et que les espaces sous les portes ou autour des ch\u00e2ssis de fen\u00eatres soient scell\u00e9s. Le r\u00e9sultat est un courant d&rsquo;air moins froid, mais la qualit\u00e9 de l&rsquo;air en souffre avec le volume d&rsquo;air r\u00e9duit qui peut y entrer. L&rsquo;air reste plus longtemps dans la pi\u00e8ce et nous respirons le m\u00eame air encore et encore. De nos jours, les grilles peuvent \u00eatre fournies avec des filtres qui prennent soin des polluants grossiers. En dimensionnant et en pla\u00e7ant correctement les diffuseurs, les courants d&rsquo;air peuvent \u00eatre \u00e9vit\u00e9s.[\/vc_column_text][vc_column_text]<\/p>\n<h3>Syst\u00e8me de ventilation \u00e9quilibr\u00e9<\/h3>\n<p>La forme la plus compl\u00e8te de syst\u00e8me de ventilation est le syst\u00e8me dit \u00e9quilibr\u00e9. Les ventilateurs contr\u00f4lent \u00e0 la fois l&rsquo;air souffl\u00e9 et l&rsquo;air \u00e9vacu\u00e9, ce qui signifie que l&rsquo;on a un contr\u00f4le total sur le volume d&rsquo;air frais, ce qui n&rsquo;est pas le cas dans les autres syst\u00e8mes. Dans les maisons assez bien isol\u00e9es, on peut affirmer que la quasi-totalit\u00e9 de l&rsquo;air souffl\u00e9 passe par les diffuseurs d&rsquo;air souffl\u00e9, car le syst\u00e8me n&rsquo;est pas bas\u00e9 sur la pression n\u00e9gative. Cela signifie \u00e9galement qu&rsquo;il est facile de purifier l&rsquo;air. Vous placez les filtres \u00e0 l&rsquo;entr\u00e9e et \u00e0 la sortie d&rsquo;air et dans les grilles de retour d&rsquo;air.<\/p>\n<p>Les syst\u00e8mes \u00e9quilibr\u00e9s n&rsquo;ont rien de nouveau, mais il a fallu patienter pour que de tels syst\u00e8mes trouvent une demande d&rsquo;utilisation dans nos maisons et appartements. D&rsquo;un autre c\u00f4t\u00e9, le syst\u00e8me est plus cher \u00e0 l&rsquo;achat et \u00e0 l&rsquo;installation que les autres syst\u00e8mes, cependant, ce qui jour en sa faveur est l&rsquo;opportunit\u00e9 d&rsquo;\u00e9conomiser l&rsquo;\u00e9nergie et de cr\u00e9er un environnement plus confortable. Aujourd&rsquo;hui, les syst\u00e8mes sont \u00e0 la fois efficaces et silencieux, et de nombreuses recherches montrent que si vous voulez une installation \u00e0 faible consommation d&rsquo;\u00e9nergie et un bon climat int\u00e9rieur, il vous faut un syst\u00e8me \u00e9quilibr\u00e9. Une faible consommation d&rsquo;\u00e9nergie implique la r\u00e9cup\u00e9ration de chaleur et l&rsquo;utilisation de produits \u00e9conerg\u00e9tiques comme des ventilateurs, des filtres et des \u00e9changeurs de chaleur.<\/p>\n<p>Un syst\u00e8me bien \u00e9quilibr\u00e9 est \u00e0 la fois stable et flexible. La stabilit\u00e9 signifie que le syst\u00e8me devrait fonctionner comme pr\u00e9vu presque ind\u00e9pendamment de ce qui est fait dans la maison ou l&rsquo;appartement. La flexibilit\u00e9 signifie que l&rsquo;on doit pouvoir contr\u00f4ler la ventilation \u00e0 la demande, plus de ventilation est n\u00e9cessaire quand il y a beaucoup de personnes dans la maison que quand la maison est vide.<\/p>\n<p>Ce contr\u00f4le de la ventilation par la demande devient de plus en plus courant et en combinaison avec la r\u00e9cup\u00e9ration de chaleur, les besoins en \u00e9nergie diminuent et les co\u00fbts d&rsquo;exploitation diminuent.<\/p>\n<p>Un syst\u00e8me \u00e9quilibr\u00e9 avec r\u00e9cup\u00e9ration de chaleur est le syst\u00e8me id\u00e9al. Au lieu d&rsquo;envoyer l&rsquo;air chaud usag\u00e9 directement \u00e0 l&rsquo;ext\u00e9rieur, on le fait passer dans un r\u00e9cup\u00e9rateur de chaleur o\u00f9 l&rsquo;air \u00e9vacu\u00e9 r\u00e9chauffe l&rsquo;entr\u00e9e d&rsquo;air frais froid. Dans les syst\u00e8mes r\u00e9cents, la r\u00e9cup\u00e9ration de chaleur peut varier entre un syst\u00e8me de r\u00e9cup\u00e9ration rotatif (jusqu&rsquo;\u00e0 85% de r\u00e9cup\u00e9ration en condition id\u00e9ale), un syst\u00e8me de r\u00e9cup\u00e9ration \u00e0 contre-courant (&gt;90% de r\u00e9cup\u00e9ration en condition id\u00e9ale), des roues hygroscopiques ou descendantes pour la r\u00e9cup\u00e9ration thermique et enthalpique et enfin un \u00e9changeur enthalpique \u00e0 contre-courant pour la r\u00e9cup\u00e9ration chaleur et humidit\u00e9.<\/p>\n<p>Les syst\u00e8mes \u00e9quilibr\u00e9s peuvent varier pour un petit appartement d&rsquo;\u00e9tudiant de 35m2 \u00e0 une grande villa de 1000m2. Selon la zone g\u00e9ographique d&rsquo;installation, la r\u00e9cup\u00e9ration peut \u00eatre rotative ou \u00e0 contre-courant. Les petites unit\u00e9s typiques sont utilis\u00e9es en combinaison comme hottes de cuisine. Lors de l&rsquo;utilisation de l&rsquo;appareil de ventilation en mode hotte aspirante, l&rsquo;air est totalement \u00e9vacu\u00e9 afin d&rsquo;\u00e9viter la formation de particules de graisse sur le syst\u00e8me de r\u00e9cup\u00e9ration. Les unit\u00e9s de r\u00e9cup\u00e9ration peuvent \u00eatre fix\u00e9es au mur ou au plafond selon la taille et le volume d&rsquo;air n\u00e9cessaire. Dans le cas d&rsquo;une installation multir\u00e9sidentielle, on utilise des centrales de traitement d&rsquo;air plus petites avec r\u00e9cup\u00e9ration rotative ou \u00e0 contre-courant. Ensuite, apr\u00e8s chaque appartement dispose d&rsquo;un syst\u00e8me de ventilation contr\u00f4l\u00e9e \u00e0 travers un VAV-Box qui int\u00e8gre un ensemble de volume d&rsquo;air variable pour l&rsquo;alimentation et l&rsquo;extraction avec silencieux section. Ces unit\u00e9s ont des commandes int\u00e9gr\u00e9es avec ou sans communication pour donner la possibilit\u00e9 d&rsquo;\u00eatre g\u00e9r\u00e9es par un syst\u00e8me de contr\u00f4le \u00e0 domicile intelligent.<\/p>\n<p>Il est essentiel que le syst\u00e8me \u00e9quilibr\u00e9 soit correctement con\u00e7u et install\u00e9 pour fonctionner correctement, car tout conduit ou toute entr\u00e9e\/sortie d&rsquo;air mal dimensionn\u00e9 augmentera la pression du syst\u00e8me. Augmenter inutilement la pression du syst\u00e8me entra\u00eenera une mauvaise ventilation et des probl\u00e8mes sonores pour le r\u00e9sident.<\/p>\n<p>Un bon syst\u00e8me de ventilation aura non seulement un dimensionnement appropri\u00e9 de l&rsquo;unit\u00e9 de ventilation, mais aussi de tous les composants du syst\u00e8me afin d&rsquo;\u00e9quilibrer correctement les flux d&rsquo;air avec un syst\u00e8me basse pression con\u00e7u pour r\u00e9pondre aux besoins des occupants.<\/p>\n<p>Dans un syst\u00e8me bien con\u00e7u, les occupants ne sauront pas quand le syst\u00e8me fonctionne et \u00e0 quel niveau et se sentiront \u00e0 l&rsquo;aise dans toutes leurs activit\u00e9s quotidiennes.<\/p>\n<p>&nbsp;<\/p>\n<p><em>Ref: Svensk Ventilation hand book \u201cshortness of breath\u201d<\/em>[\/vc_column_text][\/vc_column][\/vc_row]<\/p>\n","protected":false},"excerpt":{"rendered":"<p>[vc_row][vc_column][vc_column_text] Un air de qualit\u00e9 chez vous : une n\u00e9cessit\u00e9 absolue Beaucoup d&rsquo;entre nous passons au moins la moiti\u00e9 de&#8230;<\/p>\n","protected":false},"author":2,"featured_media":0,"parent":0,"menu_order":0,"comment_status":"closed","ping_status":"closed","template":"","meta":{"_exactmetrics_skip_tracking":false,"_exactmetrics_sitenote_active":false,"_exactmetrics_sitenote_note":"","_exactmetrics_sitenote_category":0,"footnotes":""},"class_list":["post-13585","page","type-page","status-publish","hentry"],"yoast_head":"<!-- This site is optimized with the Yoast SEO plugin v27.5 - https:\/\/yoast.com\/product\/yoast-seo-wordpress\/ -->\n<title>Habitat - Europair Schweiz AG - Multisite<\/title>\n<meta name=\"robots\" content=\"index, follow, max-snippet:-1, max-image-preview:large, max-video-preview:-1\" \/>\n<link rel=\"canonical\" href=\"https:\/\/europairschweiz.ch\/fr\/residental-ventilation\/\" \/>\n<meta property=\"og:locale\" content=\"fr_FR\" \/>\n<meta property=\"og:type\" content=\"article\" \/>\n<meta property=\"og:title\" content=\"Habitat - Europair Schweiz AG - Multisite\" \/>\n<meta property=\"og:description\" content=\"[vc_row][vc_column][vc_column_text] Un air de qualit\u00e9 chez vous : une n\u00e9cessit\u00e9 absolue Beaucoup d&rsquo;entre nous passons au moins la moiti\u00e9 de...\" \/>\n<meta property=\"og:url\" content=\"https:\/\/europairschweiz.ch\/fr\/residental-ventilation\/\" \/>\n<meta property=\"og:site_name\" content=\"Europair Schweiz AG - Multisite\" \/>\n<meta property=\"article:modified_time\" content=\"2019-03-06T06:44:35+00:00\" \/>\n<meta property=\"og:image\" content=\"https:\/\/europairschweiz.ch\/wp-content\/uploads\/2014\/12\/1.jpg\" \/>\n<meta name=\"twitter:card\" content=\"summary_large_image\" \/>\n<meta name=\"twitter:label1\" content=\"Dur\u00e9e de lecture estim\u00e9e\" \/>\n\t<meta name=\"twitter:data1\" content=\"10 minutes\" \/>\n<script type=\"application\/ld+json\" class=\"yoast-schema-graph\">{\"@context\":\"https:\\\/\\\/schema.org\",\"@graph\":[{\"@type\":\"WebPage\",\"@id\":\"https:\\\/\\\/europairschweiz.ch\\\/fr\\\/residental-ventilation\\\/\",\"url\":\"https:\\\/\\\/europairschweiz.ch\\\/fr\\\/residental-ventilation\\\/\",\"name\":\"Habitat - Europair Schweiz AG - Multisite\",\"isPartOf\":{\"@id\":\"https:\\\/\\\/europairschweiz.ch\\\/fr\\\/#website\"},\"primaryImageOfPage\":{\"@id\":\"https:\\\/\\\/europairschweiz.ch\\\/fr\\\/residental-ventilation\\\/#primaryimage\"},\"image\":{\"@id\":\"https:\\\/\\\/europairschweiz.ch\\\/fr\\\/residental-ventilation\\\/#primaryimage\"},\"thumbnailUrl\":\"https:\\\/\\\/europairschweiz.ch\\\/wp-content\\\/uploads\\\/2014\\\/12\\\/1.jpg\",\"datePublished\":\"2019-01-30T07:48:49+00:00\",\"dateModified\":\"2019-03-06T06:44:35+00:00\",\"breadcrumb\":{\"@id\":\"https:\\\/\\\/europairschweiz.ch\\\/fr\\\/residental-ventilation\\\/#breadcrumb\"},\"inLanguage\":\"fr-FR\",\"potentialAction\":[{\"@type\":\"ReadAction\",\"target\":[\"https:\\\/\\\/europairschweiz.ch\\\/fr\\\/residental-ventilation\\\/\"]}]},{\"@type\":\"ImageObject\",\"inLanguage\":\"fr-FR\",\"@id\":\"https:\\\/\\\/europairschweiz.ch\\\/fr\\\/residental-ventilation\\\/#primaryimage\",\"url\":\"https:\\\/\\\/europairschweiz.ch\\\/wp-content\\\/uploads\\\/2014\\\/12\\\/1.jpg\",\"contentUrl\":\"https:\\\/\\\/europairschweiz.ch\\\/wp-content\\\/uploads\\\/2014\\\/12\\\/1.jpg\"},{\"@type\":\"BreadcrumbList\",\"@id\":\"https:\\\/\\\/europairschweiz.ch\\\/fr\\\/residental-ventilation\\\/#breadcrumb\",\"itemListElement\":[{\"@type\":\"ListItem\",\"position\":1,\"name\":\"Startseite\",\"item\":\"https:\\\/\\\/europairschweiz.ch\\\/fr\\\/\"},{\"@type\":\"ListItem\",\"position\":2,\"name\":\"Habitat\"}]},{\"@type\":\"WebSite\",\"@id\":\"https:\\\/\\\/europairschweiz.ch\\\/fr\\\/#website\",\"url\":\"https:\\\/\\\/europairschweiz.ch\\\/fr\\\/\",\"name\":\"Europair Schweiz AG - Multisite\",\"description\":\"\",\"potentialAction\":[{\"@type\":\"SearchAction\",\"target\":{\"@type\":\"EntryPoint\",\"urlTemplate\":\"https:\\\/\\\/europairschweiz.ch\\\/fr\\\/?s={search_term_string}\"},\"query-input\":{\"@type\":\"PropertyValueSpecification\",\"valueRequired\":true,\"valueName\":\"search_term_string\"}}],\"inLanguage\":\"fr-FR\"}]}<\/script>\n<!-- \/ Yoast SEO plugin. -->","yoast_head_json":{"title":"Habitat - Europair Schweiz AG - Multisite","robots":{"index":"index","follow":"follow","max-snippet":"max-snippet:-1","max-image-preview":"max-image-preview:large","max-video-preview":"max-video-preview:-1"},"canonical":"https:\/\/europairschweiz.ch\/fr\/residental-ventilation\/","og_locale":"fr_FR","og_type":"article","og_title":"Habitat - Europair Schweiz AG - Multisite","og_description":"[vc_row][vc_column][vc_column_text] Un air de qualit\u00e9 chez vous : une n\u00e9cessit\u00e9 absolue Beaucoup d&rsquo;entre nous passons au moins la moiti\u00e9 de...","og_url":"https:\/\/europairschweiz.ch\/fr\/residental-ventilation\/","og_site_name":"Europair Schweiz AG - Multisite","article_modified_time":"2019-03-06T06:44:35+00:00","og_image":[{"url":"https:\/\/europairschweiz.ch\/wp-content\/uploads\/2014\/12\/1.jpg","type":"","width":"","height":""}],"twitter_card":"summary_large_image","twitter_misc":{"Dur\u00e9e de lecture estim\u00e9e":"10 minutes"},"schema":{"@context":"https:\/\/schema.org","@graph":[{"@type":"WebPage","@id":"https:\/\/europairschweiz.ch\/fr\/residental-ventilation\/","url":"https:\/\/europairschweiz.ch\/fr\/residental-ventilation\/","name":"Habitat - Europair Schweiz AG - Multisite","isPartOf":{"@id":"https:\/\/europairschweiz.ch\/fr\/#website"},"primaryImageOfPage":{"@id":"https:\/\/europairschweiz.ch\/fr\/residental-ventilation\/#primaryimage"},"image":{"@id":"https:\/\/europairschweiz.ch\/fr\/residental-ventilation\/#primaryimage"},"thumbnailUrl":"https:\/\/europairschweiz.ch\/wp-content\/uploads\/2014\/12\/1.jpg","datePublished":"2019-01-30T07:48:49+00:00","dateModified":"2019-03-06T06:44:35+00:00","breadcrumb":{"@id":"https:\/\/europairschweiz.ch\/fr\/residental-ventilation\/#breadcrumb"},"inLanguage":"fr-FR","potentialAction":[{"@type":"ReadAction","target":["https:\/\/europairschweiz.ch\/fr\/residental-ventilation\/"]}]},{"@type":"ImageObject","inLanguage":"fr-FR","@id":"https:\/\/europairschweiz.ch\/fr\/residental-ventilation\/#primaryimage","url":"https:\/\/europairschweiz.ch\/wp-content\/uploads\/2014\/12\/1.jpg","contentUrl":"https:\/\/europairschweiz.ch\/wp-content\/uploads\/2014\/12\/1.jpg"},{"@type":"BreadcrumbList","@id":"https:\/\/europairschweiz.ch\/fr\/residental-ventilation\/#breadcrumb","itemListElement":[{"@type":"ListItem","position":1,"name":"Startseite","item":"https:\/\/europairschweiz.ch\/fr\/"},{"@type":"ListItem","position":2,"name":"Habitat"}]},{"@type":"WebSite","@id":"https:\/\/europairschweiz.ch\/fr\/#website","url":"https:\/\/europairschweiz.ch\/fr\/","name":"Europair Schweiz AG - Multisite","description":"","potentialAction":[{"@type":"SearchAction","target":{"@type":"EntryPoint","urlTemplate":"https:\/\/europairschweiz.ch\/fr\/?s={search_term_string}"},"query-input":{"@type":"PropertyValueSpecification","valueRequired":true,"valueName":"search_term_string"}}],"inLanguage":"fr-FR"}]}},"_links":{"self":[{"href":"https:\/\/europairschweiz.ch\/fr\/wp-json\/wp\/v2\/pages\/13585","targetHints":{"allow":["GET"]}}],"collection":[{"href":"https:\/\/europairschweiz.ch\/fr\/wp-json\/wp\/v2\/pages"}],"about":[{"href":"https:\/\/europairschweiz.ch\/fr\/wp-json\/wp\/v2\/types\/page"}],"author":[{"embeddable":true,"href":"https:\/\/europairschweiz.ch\/fr\/wp-json\/wp\/v2\/users\/2"}],"replies":[{"embeddable":true,"href":"https:\/\/europairschweiz.ch\/fr\/wp-json\/wp\/v2\/comments?post=13585"}],"version-history":[{"count":0,"href":"https:\/\/europairschweiz.ch\/fr\/wp-json\/wp\/v2\/pages\/13585\/revisions"}],"wp:attachment":[{"href":"https:\/\/europairschweiz.ch\/fr\/wp-json\/wp\/v2\/media?parent=13585"}],"curies":[{"name":"wp","href":"https:\/\/api.w.org\/{rel}","templated":true}]}}