{"id":13588,"date":"2018-12-18T08:02:26","date_gmt":"2018-12-18T08:02:26","guid":{"rendered":"https:\/\/europairschweiz.ch\/terms-conditions\/"},"modified":"2025-11-19T07:07:57","modified_gmt":"2025-11-19T06:07:57","slug":"termes-et-conditions","status":"publish","type":"page","link":"https:\/\/europairschweiz.ch\/fr\/termes-et-conditions\/","title":{"rendered":"Conditions G\u00e9n\u00e9rales de Vente (CGV)"},"content":{"rendered":"<p>[vc_row][vc_column width=\u00a0\u00bb1\/2&Prime;][vc_column_text]<\/p>\n<h5>\u2193\u00a0<a href=\"https:\/\/europairschweiz.ch\/wp-content\/uploads\/2025\/11\/Conditions-Generales-de-Vente.pdf\"><strong>Conditions G\u00e9n\u00e9rales de Vente (CGV)<\/strong><\/a><\/h5>\n<h4>1.G\u00e9n\u00e9ralit\u00e9s<\/h4>\n<p>1.1\u00a0Les pr\u00e9sentes conditions g\u00e9n\u00e9rales r\u00e9gissent les relations pr\u00e9sentes entre le client et europair Suisse SA et s&rsquo;appliquent aux services et produits rendus par l&rsquo;entreprise. Certaines dispositions qui diff\u00e9reraient des pr\u00e9sentes CG, ne s&rsquo;appliquent que si europair Suisse SA les a express\u00e9ment d\u00e9clar\u00e9es par \u00e9crit. Le principe d&rsquo;application des dispositions en vigueur est le suivant : les conditions g\u00e9n\u00e9rales de vente s&rsquo;appliquent toujours en premier. Par contre, toute disposition contraire pr\u00e9sente sous forme \u00e9crite entre le client et europair Suisse SA pr\u00e9vaut sur les pr\u00e9sentes conditions g\u00e9n\u00e9rales de vente.<\/p>\n<p>1.2 Pour en assurer la validit\u00e9, tout accord et toutes les d\u00e9clarations juridiquement pertinentes des parties contractantes doivent \u00eatre formul\u00e9s par \u00e9crit.<\/p>\n<p>1.3 Les livraisons et prestations que europair Suisse SA propose pour l&rsquo;exportation sont effectu\u00e9es sur le principe de \u00abEx Works\u00bb, c&rsquo;est-\u00e0-dire en sortie d&rsquo;usine (INCOTERMS).<\/p>\n<p>1.4 Si le partenaire contractuel est une personne morale, la ou les personnes signant pour le partenaire commercial doivent \u00eatre habilit\u00e9es \u00e0 signer. Si le partenaire est une personne physique, il doit \u00eatre majeur et en capacit\u00e9 d&rsquo;agir. Pour les mineurs, il peut \u00eatre exig\u00e9 que le contrat soit sign\u00e9 par le(s) tuteur(s) l\u00e9gal(aux). europair Suisse SA se r\u00e9serve le droit de v\u00e9rifier l&rsquo;identit\u00e9 et\/ou la procuration de l&rsquo;autre partie contractante &#8211; en particulier de la personne qui collecte les marchandises -, en faisant valoir un extrait du registre du commerce, un document d&rsquo;identification officiel ou une procuration.<\/p>\n<h4>2. Offres de services et conclusion du contrat<\/h4>\n<p>2.1 Le contrat est consid\u00e9r\u00e9 comme \u00e9tant conclu d\u00e8s lors que l&rsquo;offre \u00e9crite de europair Suisse SA a \u00e9t\u00e9 confirm\u00e9e par \u00e9crit par le client ou lorsque europair Suisse SA re\u00e7oit une confirmation de commande \u00e9crite et l\u00e9galement valable.<\/p>\n<p>2.2 Si une offre de europair Suisse SA n&rsquo;est pas accept\u00e9e par \u00e9crit dans un d\u00e9lai de 30 jours, europair Suisse SA consid\u00e8re ne plus \u00eatre li\u00e9 par l&rsquo;offre.<\/p>\n<h4>3. Livraison et prestations de service<\/h4>\n<p>3.1 Les dispositions exposant les conditions de gestion de la livraison et de la prestation rendue sont exprim\u00e9es dans un contrat sp\u00e9cifique. Le mat\u00e9riel ou les services qui ne sont pas inclus dans le prix ou qui sont demand\u00e9s en suppl\u00e9ment seront factur\u00e9s s\u00e9par\u00e9ment. \u00c0 condition que la prestation soit am\u00e9lior\u00e9e dans l&rsquo;int\u00e9r\u00eat du client, europair Suisse SA se r\u00e9serve le droit d&rsquo;apporter des modifications \u00e0 la confirmation de commande sans concerter le client au pr\u00e9alable.<\/p>\n<h4>4. Prescriptions locales applicables<\/h4>\n<p>4.1 Au plus tard lors de la passation de la commande, le client doit informer de europair Suisse SA de dispositions l\u00e9gales officielles et autres normes et circonstances particuli\u00e8res (sp\u00e9cifications techniques, situation g\u00e9ographique, etc.) qui concernent ou peuvent affecter l&rsquo;ex\u00e9cution des livraisons et prestations sur le lieu de destination.<\/p>\n<p>4.2 Les livraisons et prestations de europair Suisse SA sont exclusivement con\u00e7ues et destin\u00e9es \u00e0 \u00eatre utilis\u00e9s dans des locaux ferm\u00e9s. Plus sp\u00e9cifiquement, l&rsquo;utilisation de l&rsquo;appareil dans des environnements ext\u00e9rieurs est proscrite.<\/p>\n<h4>5. Prix<\/h4>\n<p>5.1 Sauf indication contraire, les prix de europair Suisse SA s&rsquo;entendent nets, au d\u00e9part de l&rsquo;entrep\u00f4t, en francs suisses, sans emballage, ni transport, ou assurance, TVA, autres frais, honoraires, montage, installation, mise en service et autres frais suppl\u00e9mentaires.<\/p>\n<p>5.2 Si, entre la r\u00e9solution du contrat et la livraison, les frais \u00e0 la base du calcul devaient augmenter, europair Suisse SA se r\u00e9serve le droit d&rsquo;adapter en cons\u00e9quence les prix indiqu\u00e9s dans la confirmation de commande jusqu&rsquo;\u00e0 l&rsquo;ex\u00e9cution d\u00e9finitive de celle-ci.<\/p>\n<h4>6. Modalit\u00e9s de paiement<\/h4>\n<p>6.1 Les factures sont \u00e9tablies d\u00e8s que les marchandises ou les prestations command\u00e9es ou les livraisons partielles pr\u00e9alablement convenues sont indiqu\u00e9es comme \u00e9tant pr\u00eates \u00e0 \u00eatre retir\u00e9es. Les livraisons \u00e0 l&rsquo;\u00e9tranger sont effectu\u00e9es moyennant une lettre de cr\u00e9dit confirm\u00e9e par une banque suisse de choix.<\/p>\n<p>6.2 Les paiements doivent \u00eatre effectu\u00e9s par le client au lieu de domicile de europair Suisse SA dans les 30 jours suivant la facturation sans ristourne ou d\u00e9duction de frais, de taxes ou de tout autre type d&rsquo;honoraires. Des modalit\u00e9s de paiement sp\u00e9ciales seront convenues au cas par cas.<\/p>\n<p>6.3 En cas de constat de retard dans les paiements, europair Suisse SA se r\u00e9serve le droit de suspendre imm\u00e9diatement toutes livraisons de prestations et de facturer des int\u00e9r\u00eats moratoires de 5%. Les int\u00e9r\u00eats commencent \u00e0 \u00eatre per\u00e7us le jour suivant la date o\u00f9 le paiement aurait d\u00fb \u00eatre au plus tard effectu\u00e9. Demeurent r\u00e9serv\u00e9s tout autre frais de rappel et d&rsquo;indemnisation pour tout dommage suppl\u00e9mentaire.<\/p>\n<p>6.4 Le client n&rsquo;est pas dans le droit de compenser ses cr\u00e9ances aupr\u00e8s de europair Suisse SA par d&rsquo;\u00e9ventuelles contre-prestations.<\/p>\n<h4>7. D\u00e9lai de livraison<\/h4>\n<p>7.1 Le d\u00e9lai de livraison d\u00e9bute d\u00e8s que le contrat a \u00e9t\u00e9 conclu, que toutes les formalit\u00e9s n\u00e9cessaires ont \u00e9t\u00e9 remplies, que les paiements et les garanties ont \u00e9t\u00e9 effectu\u00e9s et que europair Suisse SA est en possession de tous les documents, mat\u00e9riaux, donn\u00e9es et informations n\u00e9cessaires \u00e0 l&rsquo;ex\u00e9cution de la commande. Le d\u00e9lai de livraison est consid\u00e9r\u00e9 comme respect\u00e9 si la commande a \u00e9t\u00e9 d\u00e9clar\u00e9e pr\u00eate \u00e0 \u00eatre retir\u00e9e avant la fin ou \u00e0 la fin du d\u00e9lai de livraison.<\/p>\n<p>7.2 Dans les cas suivants, le d\u00e9lai de livraison est convenablement prolong\u00e9:<\/p>\n<ul>\n<li>si les informations, documents, etc. n\u00e9cessaires \u00e0 l&rsquo;ex\u00e9cution de la commande ne sont pas re\u00e7us \u00e0 temps par europair Suisse SA ou s&rsquo;ils sont modifi\u00e9s ult\u00e9rieurement par le client ;<\/li>\n<li>si les d\u00e9lais de paiement n&rsquo;ont pas \u00e9t\u00e9 respect\u00e9s, si les lettres de cr\u00e9dit sont ouvertes ou confirm\u00e9es trop tard ou si les licences d&rsquo;importation et d&rsquo;exportation n\u00e9cessaires ne sont pas re\u00e7ues \u00e0 temps par europair Suisse SA ;<\/li>\n<li>en cas de contretemps ind\u00e9pendants de la bonne volont\u00e9 et du professionnalisme de europair Suisse SA, qu&rsquo;ils surviennent chez europair Suisse SA, chez le client ou chez un tiers ;<\/li>\n<li>en cas de force majeur (\u00e9pid\u00e9mies, mobilisation, guerre, \u00e9meutes, catastrophes naturelles, pannes majeures, accidents, conflits du travail) ;<\/li>\n<li>en cas de livraison tardive ou d\u00e9fectueuse des produits semi-finis ou finis requis et de mesures ou omissions d&rsquo;instances officielles.<\/li>\n<\/ul>\n<p>[\/vc_column_text][\/vc_column][vc_column width=\u00a0\u00bb1\/2&Prime;][vc_column_text]<\/p>\n<h4>8. Livraison, transport, stockage et assurance<\/h4>\n<p>8.1 Les produits sont soigneusement emball\u00e9s par europair Suisse SA. L&#8217;emballage sera factur\u00e9 au client au prix de revient.<\/p>\n<p>8.2 europair Suisse SA doit \u00eatre inform\u00e9e en temps utile de toute demande particuli\u00e8re concernant les dispositions d&rsquo;exp\u00e9dition, de stockage et d&rsquo;assurance. Le client supporte les frais et les risques li\u00e9s au transport et au stockage.<\/p>\n<p>8.3 Le client supporte \u00e9galement les frais d&rsquo;assurance contre tous les dommages de nature diverse. Si europair Suisse SA souscrit une police d&rsquo;assurance, celle-ci est \u00e0 la charge du client.<\/p>\n<p>8.4 Si, lors de la collecte de la marchandise au domicile de europair Suisse SA, le client, le tiers ou le transporteur europair Suisse SA demande des instructions sur l&rsquo;utilisation de la marchandise, europair Suisse SA se r\u00e9serve le droit de les facturer s\u00e9par\u00e9ment.<\/p>\n<h4>9. Contr\u00f4le et r\u00e9ception des livraisons et des services<\/h4>\n<p>9.1 europair Suisse SA contr\u00f4le les livraisons ainsi que les autres prestations de services avant exp\u00e9dition conform\u00e9ment aux instructions de contr\u00f4le internes sp\u00e9cifi\u00e9es, \u00e0 l&rsquo;exception des livraisons directes convenues d&rsquo;un commun accord. Si le client demande que des contr\u00f4les suppl\u00e9mentaires soient effectu\u00e9s, ceux-ci doivent \u00eatre convenus au pr\u00e9alable et de mani\u00e8re s\u00e9par\u00e9e et le client doit en assumer les frais.<\/p>\n<p>9.2 Le client doit contr\u00f4ler les livraisons et autres prestations de services dans un d\u00e9lai raisonnable, au plus tard dans les 10 jours suivant leur r\u00e9ception, et signaler imm\u00e9diatement par \u00e9crit tout d\u00e9faut \u00e9ventuel \u00e0 europair Suisse SA. S&rsquo;il omet de le faire, les biens et services seront reconnus accept\u00e9s et approuv\u00e9s. Ceci s&rsquo;applique \u00e9galement aux livraisons remises \u00e0 des tiers. Les retours de produits doivent \u00eatre effectu\u00e9s dans leur emballage d&rsquo;origine et accompagn\u00e9s d&rsquo;une description d\u00e9taill\u00e9e du d\u00e9faut ou de la d\u00e9fectuosit\u00e9 ainsi que du bon de livraison ou de la facture.<\/p>\n<p>9.3 europair Suisse SA s&rsquo;engage \u00e0 rem\u00e9dier dans les meilleurs et plus brefs d\u00e9lais aux d\u00e9fauts notifi\u00e9s et le client s&rsquo;engage \u00e0 lui en donner l&rsquo;occasion.<\/p>\n<p>9.4 La protection de garantie et la responsabilit\u00e9 de europair Suisse SA se limite \u00e0 des d\u00e9fauts ou une d\u00e9fectuosit\u00e9 de la livraison ou de la prestation. Le client n\u2019a pas le droit de r\u00e9silier le contrat.<\/p>\n<p>9.5 Tout \u00e9quipement de d\u00e9monstration doit \u00eatre retourn\u00e9 dans les 10 jours.<\/p>\n<p>9.6 Un \u00e9ventuel contrat de maintenance pour la concession de fonctionnalit\u00e9s au-del\u00e0 de la date de r\u00e9ception peut faire l&rsquo;objet d&rsquo;un accord s\u00e9par\u00e9.<\/p>\n<h4>10. Garantie et responsabilit\u00e9 en cas de d\u00e9fauts et d\u00e9lais<\/h4>\n<p>10.1 europair Suisse SA n&rsquo;est responsable que des \u00e9l\u00e9ments caract\u00e9ristiques et des dates garanties au pr\u00e9alable. Les \u00e9l\u00e9ments caract\u00e9ristiques et les dates garanties ne sont que celles qui sont express\u00e9ment d\u00e9sign\u00e9es comme telles par \u00e9crit dans la confirmation de commande ou dans l&rsquo;offre. Le d\u00e9lai de garantie pour les d\u00e9fauts cach\u00e9s est g\u00e9n\u00e9ralement d&rsquo;un an et commence \u00e0 la livraison ou \u00e0 l&rsquo;avis de mise \u00e0 disposition pour collecte ou livraison \u00e0 l&rsquo;entrep\u00f4t de europair Suisse SA. Pour les produits qui ne sont pas fabriqu\u00e9s par europair Suisse SA, le d\u00e9lai de garantie est g\u00e9n\u00e9ralement de 12 mois ou de 24 mois maximum si les dispositions du sous-traitant le pr\u00e9voient. europair Suisse SA n&rsquo;assure aucune garantie pour les appareils d&rsquo;occasion.<\/p>\n<p>10.2 La condition pr\u00e9alable \u00e0 l&rsquo;ex\u00e9cution de la garantie pendant la p\u00e9riode de garantie est l&rsquo;envoi tous frais pay\u00e9s de l&rsquo;appareil d\u00e9fectueux au si\u00e8ge de europair Suisse SA.<\/p>\n<p>10.3 La garantie expire pr\u00e9matur\u00e9ment si le client ou des tiers effectuent ou font effectuer des modifications ou des r\u00e9parations ou si le client, en cas de d\u00e9faut, ne prend pas imm\u00e9diatement toutes les mesures appropri\u00e9es pour minimiser le dommage et donne \u00e0 europair Suisse SA la possibilit\u00e9 de rem\u00e9dier au d\u00e9faut ou de d\u00e9signer un tiers pour y rem\u00e9dier.<\/p>\n<p>10.4 La garantie et la responsabilit\u00e9 de europair Suisse SA ne couvre pas les dommages occasionn\u00e9s aux livraisons et prestations r\u00e9sultant d&rsquo;une usure naturelle, d&rsquo;un entretien inad\u00e9quat, du non-respect des r\u00e8gles d&rsquo;exploitation ou de transport, d&rsquo;une contrainte excessive, d&rsquo;un \u00e9quipement et d&rsquo;un placement inad\u00e9quats, d&rsquo;une utilisation dans des locaux ou \u00e0 l&rsquo;ext\u00e9rieur inad\u00e9quats, d&rsquo;influences chimiques ou \u00e9lectromagn\u00e9tiques, ou d&rsquo;autres raisons dont europair Suisse SA ne peut \u00eatre tenu responsable.<\/p>\n<p>10.5 Sans un accord express\u00e9ment formul\u00e9 par \u00e9crit de sa part, europair Suisse SA ne garantit pas que les produits et services command\u00e9s sont adapt\u00e9s \u00e0 l&rsquo;usage pr\u00e9vu par le client et qu&rsquo;ils peuvent \u00eatre utilis\u00e9s ou manipul\u00e9s dans le cadre indiqu\u00e9 par le client ou par un tiers.<\/p>\n<p>10.6 Si le client exige une garantie de fonctionnement, il doit prendre en charge les frais de clarification et d&rsquo;essai.<\/p>\n<p>10.7 Le client n&rsquo;a pas d&rsquo;autres droits et pr\u00e9tentions que ceux express\u00e9ment mentionn\u00e9s en raison de d\u00e9fauts de mat\u00e9riau, de construction ou d&rsquo;ex\u00e9cution ou en raison de l&rsquo;absence des \u00e9l\u00e9ments caract\u00e9ristiques de produit ou de service pr\u00e9alablement garantis. Nous d\u00e9clinons toute responsabilit\u00e9 pour les dommages indirects r\u00e9sultant du non-respect des d\u00e9lais promis ou de l&rsquo;utilisation, de la mauvaise ex\u00e9cution ou de la perte d&rsquo;ex\u00e9cution des livraisons et prestations fournies par europair Suisse SA. La responsabilit\u00e9 assum\u00e9e pour les d\u00e9fauts se limite au remplacement ou \u00e0 la r\u00e9paration des livraisons et prestations d\u00e9fectueuses. europair Suisse SA se r\u00e9serve le droit de rembourser au client la valeur factur\u00e9e des livraisons et prestations d\u00e9fectueuses au lieu de les r\u00e9parer ou de les remplacer.<\/p>\n<p>10.8 Toute responsabilit\u00e9 est exclue si les appareils ne sont pas utilis\u00e9s dans les locaux pr\u00e9vus \u00e0 cet effet.<\/p>\n<p>10.9 Demeurent r\u00e9serv\u00e9es les dispositions l\u00e9gales contraignantes d&rsquo;europair Suisse SA.<\/p>\n<h4>11. R\u00e9serve de propri\u00e9t\u00e9<\/h4>\n<p>11.1 europair Suisse SA conserve la propri\u00e9t\u00e9 de toutes les marchandises livr\u00e9es jusqu&rsquo;au paiement int\u00e9gral des factures correspondantes. europair Suisse SA est en droit de faire inscrire la r\u00e9serve de propri\u00e9t\u00e9 dans le registre de r\u00e9serve de propri\u00e9t\u00e9. En cas de comportement contraire au contrat, en particulier en cas de retard de paiement, europair Suisse SA est en droit d&rsquo;exiger le retour de la marchandise au destinataire apr\u00e8s rappel et avertissement. Tous les frais connexes seront factur\u00e9s en sus.<\/p>\n<h4>12. Juridiction comp\u00e9tente et droit applicable<\/h4>\n<p>12.1 Le for juridique se trouve au lieu de r\u00e9sidence du si\u00e8ge d&rsquo;europair Suisse SA. Cette derni\u00e8re est toutefois en droit d&rsquo;intenter une action contre son client sur le lieu du si\u00e8ge social de celui-ci.<\/p>\n<p>12.2 La relation juridique est soumise exclusivement au droit mat\u00e9riel suisse (CO), \u00e0 l&rsquo;exclusion du droit international priv\u00e9 suisse et des accords internationaux.<\/p>\n<p>&nbsp;<\/p>\n<p>europair Suisse SA se r\u00e9serve le droit de modifier \u00e0 tout moment les pr\u00e9sentes conditions g\u00e9n\u00e9rales de vente.[\/vc_column_text][\/vc_column][\/vc_row]<\/p>\n","protected":false},"excerpt":{"rendered":"<p>[vc_row][vc_column width=\u00a0\u00bb1\/2&Prime;][vc_column_text] \u2193\u00a0Conditions G\u00e9n\u00e9rales de Vente (CGV) 1.G\u00e9n\u00e9ralit\u00e9s 1.1\u00a0Les pr\u00e9sentes conditions g\u00e9n\u00e9rales r\u00e9gissent les relations pr\u00e9sentes entre le client et&#8230;<\/p>\n","protected":false},"author":2,"featured_media":0,"parent":0,"menu_order":0,"comment_status":"closed","ping_status":"closed","template":"","meta":{"_exactmetrics_skip_tracking":false,"_exactmetrics_sitenote_active":false,"_exactmetrics_sitenote_note":"","_exactmetrics_sitenote_category":0,"footnotes":""},"class_list":["post-13588","page","type-page","status-publish","hentry"],"yoast_head":"<!-- This site is optimized with the Yoast SEO plugin v27.5 - https:\/\/yoast.com\/product\/yoast-seo-wordpress\/ -->\n<title>Conditions G\u00e9n\u00e9rales de Vente (CGV) - Europair Schweiz AG - Multisite<\/title>\n<meta name=\"robots\" content=\"index, follow, max-snippet:-1, max-image-preview:large, max-video-preview:-1\" \/>\n<link rel=\"canonical\" href=\"https:\/\/europairschweiz.ch\/fr\/termes-et-conditions\/\" \/>\n<meta property=\"og:locale\" content=\"fr_FR\" \/>\n<meta property=\"og:type\" content=\"article\" \/>\n<meta property=\"og:title\" content=\"Conditions G\u00e9n\u00e9rales de Vente (CGV) - Europair Schweiz AG - Multisite\" \/>\n<meta property=\"og:description\" content=\"[vc_row][vc_column width=\u00a0\u00bb1\/2&Prime;][vc_column_text] \u2193\u00a0Conditions G\u00e9n\u00e9rales de Vente (CGV) 1.G\u00e9n\u00e9ralit\u00e9s 1.1\u00a0Les pr\u00e9sentes conditions g\u00e9n\u00e9rales r\u00e9gissent les relations pr\u00e9sentes entre le client et...\" \/>\n<meta property=\"og:url\" content=\"https:\/\/europairschweiz.ch\/fr\/termes-et-conditions\/\" \/>\n<meta property=\"og:site_name\" content=\"Europair Schweiz AG - Multisite\" \/>\n<meta property=\"article:modified_time\" content=\"2025-11-19T06:07:57+00:00\" \/>\n<meta name=\"twitter:card\" content=\"summary_large_image\" \/>\n<meta name=\"twitter:label1\" content=\"Dur\u00e9e de lecture estim\u00e9e\" \/>\n\t<meta name=\"twitter:data1\" content=\"12 minutes\" \/>\n<script type=\"application\/ld+json\" class=\"yoast-schema-graph\">{\"@context\":\"https:\\\/\\\/schema.org\",\"@graph\":[{\"@type\":\"WebPage\",\"@id\":\"https:\\\/\\\/europairschweiz.ch\\\/fr\\\/termes-et-conditions\\\/\",\"url\":\"https:\\\/\\\/europairschweiz.ch\\\/fr\\\/termes-et-conditions\\\/\",\"name\":\"Conditions G\u00e9n\u00e9rales de Vente (CGV) - Europair Schweiz AG - Multisite\",\"isPartOf\":{\"@id\":\"https:\\\/\\\/europairschweiz.ch\\\/fr\\\/#website\"},\"datePublished\":\"2018-12-18T08:02:26+00:00\",\"dateModified\":\"2025-11-19T06:07:57+00:00\",\"breadcrumb\":{\"@id\":\"https:\\\/\\\/europairschweiz.ch\\\/fr\\\/termes-et-conditions\\\/#breadcrumb\"},\"inLanguage\":\"fr-FR\",\"potentialAction\":[{\"@type\":\"ReadAction\",\"target\":[\"https:\\\/\\\/europairschweiz.ch\\\/fr\\\/termes-et-conditions\\\/\"]}]},{\"@type\":\"BreadcrumbList\",\"@id\":\"https:\\\/\\\/europairschweiz.ch\\\/fr\\\/termes-et-conditions\\\/#breadcrumb\",\"itemListElement\":[{\"@type\":\"ListItem\",\"position\":1,\"name\":\"Startseite\",\"item\":\"https:\\\/\\\/europairschweiz.ch\\\/fr\\\/\"},{\"@type\":\"ListItem\",\"position\":2,\"name\":\"Conditions G\u00e9n\u00e9rales de Vente (CGV)\"}]},{\"@type\":\"WebSite\",\"@id\":\"https:\\\/\\\/europairschweiz.ch\\\/fr\\\/#website\",\"url\":\"https:\\\/\\\/europairschweiz.ch\\\/fr\\\/\",\"name\":\"Europair Schweiz AG - Multisite\",\"description\":\"\",\"potentialAction\":[{\"@type\":\"SearchAction\",\"target\":{\"@type\":\"EntryPoint\",\"urlTemplate\":\"https:\\\/\\\/europairschweiz.ch\\\/fr\\\/?s={search_term_string}\"},\"query-input\":{\"@type\":\"PropertyValueSpecification\",\"valueRequired\":true,\"valueName\":\"search_term_string\"}}],\"inLanguage\":\"fr-FR\"}]}<\/script>\n<!-- \/ Yoast SEO plugin. -->","yoast_head_json":{"title":"Conditions G\u00e9n\u00e9rales de Vente (CGV) - Europair Schweiz AG - Multisite","robots":{"index":"index","follow":"follow","max-snippet":"max-snippet:-1","max-image-preview":"max-image-preview:large","max-video-preview":"max-video-preview:-1"},"canonical":"https:\/\/europairschweiz.ch\/fr\/termes-et-conditions\/","og_locale":"fr_FR","og_type":"article","og_title":"Conditions G\u00e9n\u00e9rales de Vente (CGV) - Europair Schweiz AG - Multisite","og_description":"[vc_row][vc_column width=\u00a0\u00bb1\/2&Prime;][vc_column_text] \u2193\u00a0Conditions G\u00e9n\u00e9rales de Vente (CGV) 1.G\u00e9n\u00e9ralit\u00e9s 1.1\u00a0Les pr\u00e9sentes conditions g\u00e9n\u00e9rales r\u00e9gissent les relations pr\u00e9sentes entre le client et...","og_url":"https:\/\/europairschweiz.ch\/fr\/termes-et-conditions\/","og_site_name":"Europair Schweiz AG - Multisite","article_modified_time":"2025-11-19T06:07:57+00:00","twitter_card":"summary_large_image","twitter_misc":{"Dur\u00e9e de lecture estim\u00e9e":"12 minutes"},"schema":{"@context":"https:\/\/schema.org","@graph":[{"@type":"WebPage","@id":"https:\/\/europairschweiz.ch\/fr\/termes-et-conditions\/","url":"https:\/\/europairschweiz.ch\/fr\/termes-et-conditions\/","name":"Conditions G\u00e9n\u00e9rales de Vente (CGV) - Europair Schweiz AG - Multisite","isPartOf":{"@id":"https:\/\/europairschweiz.ch\/fr\/#website"},"datePublished":"2018-12-18T08:02:26+00:00","dateModified":"2025-11-19T06:07:57+00:00","breadcrumb":{"@id":"https:\/\/europairschweiz.ch\/fr\/termes-et-conditions\/#breadcrumb"},"inLanguage":"fr-FR","potentialAction":[{"@type":"ReadAction","target":["https:\/\/europairschweiz.ch\/fr\/termes-et-conditions\/"]}]},{"@type":"BreadcrumbList","@id":"https:\/\/europairschweiz.ch\/fr\/termes-et-conditions\/#breadcrumb","itemListElement":[{"@type":"ListItem","position":1,"name":"Startseite","item":"https:\/\/europairschweiz.ch\/fr\/"},{"@type":"ListItem","position":2,"name":"Conditions G\u00e9n\u00e9rales de Vente (CGV)"}]},{"@type":"WebSite","@id":"https:\/\/europairschweiz.ch\/fr\/#website","url":"https:\/\/europairschweiz.ch\/fr\/","name":"Europair Schweiz AG - Multisite","description":"","potentialAction":[{"@type":"SearchAction","target":{"@type":"EntryPoint","urlTemplate":"https:\/\/europairschweiz.ch\/fr\/?s={search_term_string}"},"query-input":{"@type":"PropertyValueSpecification","valueRequired":true,"valueName":"search_term_string"}}],"inLanguage":"fr-FR"}]}},"_links":{"self":[{"href":"https:\/\/europairschweiz.ch\/fr\/wp-json\/wp\/v2\/pages\/13588","targetHints":{"allow":["GET"]}}],"collection":[{"href":"https:\/\/europairschweiz.ch\/fr\/wp-json\/wp\/v2\/pages"}],"about":[{"href":"https:\/\/europairschweiz.ch\/fr\/wp-json\/wp\/v2\/types\/page"}],"author":[{"embeddable":true,"href":"https:\/\/europairschweiz.ch\/fr\/wp-json\/wp\/v2\/users\/2"}],"replies":[{"embeddable":true,"href":"https:\/\/europairschweiz.ch\/fr\/wp-json\/wp\/v2\/comments?post=13588"}],"version-history":[{"count":0,"href":"https:\/\/europairschweiz.ch\/fr\/wp-json\/wp\/v2\/pages\/13588\/revisions"}],"wp:attachment":[{"href":"https:\/\/europairschweiz.ch\/fr\/wp-json\/wp\/v2\/media?parent=13588"}],"curies":[{"name":"wp","href":"https:\/\/api.w.org\/{rel}","templated":true}]}}