{"id":13589,"date":"2018-12-18T07:58:39","date_gmt":"2018-12-18T07:58:39","guid":{"rendered":"https:\/\/europairschweiz.ch\/site-notice\/"},"modified":"2025-11-20T08:19:11","modified_gmt":"2025-11-20T07:19:11","slug":"avis-de-site","status":"publish","type":"page","link":"https:\/\/europairschweiz.ch\/fr\/avis-de-site\/","title":{"rendered":"Avis de site"},"content":{"rendered":"<p>[vc_row][vc_column width=\u00a0\u00bb1\/2&Prime;][vc_column_text]<\/p>\n<h3>Indications selon l&rsquo;article 5 TMG (Telemediengesetz, Allemagne)<\/h3>\n<p>europair Suisse SA<br \/>\nSchafmattstrasse 4<br \/>\n8841 Gross<br \/>\nSuisse<\/p>\n<h3>Nous contacter<\/h3>\n<p>T\u00e9l\u00e9phone :<br \/>\nCourriel : info@europairschweiz.ch<\/p>\n<h3>Num\u00e9ro d&rsquo;identification TVA<\/h3>\n<p>Num\u00e9ro de TVA selon l&rsquo;article 27 de la loi sur la taxe sur le chiffre d&rsquo;affaires :<br \/>\nCHE-343.200.537<\/p>\n<h3>Responsable du contenu selon article 55 al. 2 RStV (Rundfunkstaatsvertrag, Allemagne)<\/h3>\n<p>Andreas Koller<br \/>\nSports Club Road<br \/>\n30100 Eldoret[\/vc_column_text][\/vc_column][vc_column width=\u00a0\u00bb1\/2&Prime;][vc_column_text]<\/p>\n<h3>R\u00e9solution des litiges au sein de l&rsquo;UE<\/h3>\n<p>La Commission europ\u00e9enne offre une plate-forme de r\u00e8glement des litiges en ligne (ODR) : <a href=\"https:\/\/ec.europa.eu\/consumers\/odr\">https:\/\/ec.europa.eu\/consumers\/odr<\/a>.<br \/>\nNotre adresse e-mail est indiqu\u00e9e ci-dessus.<\/p>\n<p>Nous ne sommes pas dispos\u00e9s ou tenus de participer \u00e0 des proc\u00e9dures de r\u00e8glement des litiges devant un conseil d&rsquo;arbitrage des consommateurs.<\/p>\n<h3>Responsabilit\u00e9 du contenu<\/h3>\n<p>En tant que prestataires de services, nous sommes responsables du propre contenu de ces sites web conform\u00e9ment \u00e0 l&rsquo;article 7, al. 1 de la loi allemande sur les moyens de t\u00e9l\u00e9communications (TMG). Selon les articles 8 \u00e0 10 de la m\u00eame loi, les fournisseurs de services ne sont toutefois pas tenus de surveiller en permanence les informations transmises ou enregistr\u00e9es ni de rechercher des preuves indiquant des activit\u00e9s ill\u00e9gales.<\/p>\n<p>Les obligations l\u00e9gales de supprimer des informations ou de bloquer l&rsquo;utilisation d&rsquo;informations restent incontest\u00e9es. Dans ce cas, la responsabilit\u00e9 n&rsquo;est possible qu&rsquo;au moment de la prise de connaissance d&rsquo;une violation sp\u00e9cifique de la loi. Les contenus ill\u00e9gaux seront supprim\u00e9s d\u00e8s le moment o\u00f9 nous en aurons pris connaissance.<\/p>\n<h3>Responsabilit\u00e9 des liens et URLs<\/h3>\n<p>Notre offre comprend des liens vers des sites Web externes de partenaires tiers. Nous n&rsquo;avons aucune influence sur le contenu de ces sites Web, c&rsquo;est pourquoi nous ne pouvons en garantir le contenu. Les fournisseurs ou administrateurs des sites Web li\u00e9s sont toujours responsables de leurs propres contenus.<\/p>\n<p>Au moment de l&rsquo;\u00e9tablissement du lien, nous garantissons avoir contr\u00f4l\u00e9 que le lien n&rsquo;entre pas en violation avec des prescriptions l\u00e9gales concernant les sites webs li\u00e9s. Lors de l&rsquo;\u00e9tablissement des liens, aucun contenu ill\u00e9gal n&rsquo;a \u00e9t\u00e9 d\u00e9tect\u00e9 . Un contr\u00f4le permanent du contenu des sites li\u00e9s ne peut \u00eatre impos\u00e9 sans indiquer dans quelle mesure une loi a \u00e9t\u00e9 viol\u00e9e. Les liens identifi\u00e9s comme ill\u00e9gaux seront supprim\u00e9s d\u00e8s le moment o\u00f9 nous en aurons pris connaissance.<\/p>\n<h3>Droits d&rsquo;auteur<\/h3>\n<p>Les contenus et les compilations publi\u00e9s sur ces sites web par les fournisseurs sont soumis au droit d&rsquo;auteur allemand. La reproduction, l&rsquo;\u00e9dition, la distribution ainsi que l&rsquo;utilisation de quelque nature que ce soit en dehors du champ d&rsquo;application de la loi sur le droit d&rsquo;auteur n\u00e9cessitent une autorisation \u00e9crite de l&rsquo;auteur ou de la personne \u00e0 l&rsquo;initiative de ce contenu. Les t\u00e9l\u00e9chargements et copies de ces sites web sont autoris\u00e9s uniquement dans le cadre d&rsquo;un usage priv\u00e9.<br \/>\nL&rsquo;utilisation commerciale de nos contenus sans notre autorisation de est interdite.<\/p>\n<p>Quand le contenu de ce site web ne provient pas du fournisseur, le droit d&rsquo;auteur de tiers est respect\u00e9 . Les contributions de tiers sur ce site sont indiqu\u00e9es comme telles. Toutefois, si vous constatez des violations de la loi sur les droits d&rsquo;auteur, veuillez nous en informer. Ces contenus seront imm\u00e9diatement supprim\u00e9s.[\/vc_column_text][\/vc_column][\/vc_row]<\/p>\n","protected":false},"excerpt":{"rendered":"<p>[vc_row][vc_column width=\u00a0\u00bb1\/2&Prime;][vc_column_text] Indications selon l&rsquo;article 5 TMG (Telemediengesetz, Allemagne) europair Suisse SA Schafmattstrasse 4 8841 Gross Suisse Nous contacter T\u00e9l\u00e9phone&#8230;<\/p>\n","protected":false},"author":2,"featured_media":0,"parent":0,"menu_order":0,"comment_status":"closed","ping_status":"closed","template":"","meta":{"_exactmetrics_skip_tracking":false,"_exactmetrics_sitenote_active":false,"_exactmetrics_sitenote_note":"","_exactmetrics_sitenote_category":0,"footnotes":""},"class_list":["post-13589","page","type-page","status-publish","hentry"],"yoast_head":"<!-- This site is optimized with the Yoast SEO plugin v27.5 - https:\/\/yoast.com\/product\/yoast-seo-wordpress\/ -->\n<title>Avis de site - Europair Schweiz AG - Multisite<\/title>\n<meta name=\"robots\" content=\"index, follow, max-snippet:-1, max-image-preview:large, max-video-preview:-1\" \/>\n<link rel=\"canonical\" href=\"https:\/\/europairschweiz.ch\/fr\/avis-de-site\/\" \/>\n<meta property=\"og:locale\" content=\"fr_FR\" \/>\n<meta property=\"og:type\" content=\"article\" \/>\n<meta property=\"og:title\" content=\"Avis de site - Europair Schweiz AG - Multisite\" \/>\n<meta property=\"og:description\" content=\"[vc_row][vc_column width=\u00a0\u00bb1\/2&Prime;][vc_column_text] Indications selon l&rsquo;article 5 TMG (Telemediengesetz, Allemagne) europair Suisse SA Schafmattstrasse 4 8841 Gross Suisse Nous contacter T\u00e9l\u00e9phone...\" \/>\n<meta property=\"og:url\" content=\"https:\/\/europairschweiz.ch\/fr\/avis-de-site\/\" \/>\n<meta property=\"og:site_name\" content=\"Europair Schweiz AG - Multisite\" \/>\n<meta property=\"article:modified_time\" content=\"2025-11-20T07:19:11+00:00\" \/>\n<meta name=\"twitter:card\" content=\"summary_large_image\" \/>\n<meta name=\"twitter:label1\" content=\"Dur\u00e9e de lecture estim\u00e9e\" \/>\n\t<meta name=\"twitter:data1\" content=\"3 minutes\" \/>\n<script type=\"application\/ld+json\" class=\"yoast-schema-graph\">{\"@context\":\"https:\\\/\\\/schema.org\",\"@graph\":[{\"@type\":\"WebPage\",\"@id\":\"https:\\\/\\\/europairschweiz.ch\\\/fr\\\/avis-de-site\\\/\",\"url\":\"https:\\\/\\\/europairschweiz.ch\\\/fr\\\/avis-de-site\\\/\",\"name\":\"Avis de site - Europair Schweiz AG - Multisite\",\"isPartOf\":{\"@id\":\"https:\\\/\\\/europairschweiz.ch\\\/fr\\\/#website\"},\"datePublished\":\"2018-12-18T07:58:39+00:00\",\"dateModified\":\"2025-11-20T07:19:11+00:00\",\"breadcrumb\":{\"@id\":\"https:\\\/\\\/europairschweiz.ch\\\/fr\\\/avis-de-site\\\/#breadcrumb\"},\"inLanguage\":\"fr-FR\",\"potentialAction\":[{\"@type\":\"ReadAction\",\"target\":[\"https:\\\/\\\/europairschweiz.ch\\\/fr\\\/avis-de-site\\\/\"]}]},{\"@type\":\"BreadcrumbList\",\"@id\":\"https:\\\/\\\/europairschweiz.ch\\\/fr\\\/avis-de-site\\\/#breadcrumb\",\"itemListElement\":[{\"@type\":\"ListItem\",\"position\":1,\"name\":\"Startseite\",\"item\":\"https:\\\/\\\/europairschweiz.ch\\\/fr\\\/\"},{\"@type\":\"ListItem\",\"position\":2,\"name\":\"Avis de site\"}]},{\"@type\":\"WebSite\",\"@id\":\"https:\\\/\\\/europairschweiz.ch\\\/fr\\\/#website\",\"url\":\"https:\\\/\\\/europairschweiz.ch\\\/fr\\\/\",\"name\":\"Europair Schweiz AG - Multisite\",\"description\":\"\",\"potentialAction\":[{\"@type\":\"SearchAction\",\"target\":{\"@type\":\"EntryPoint\",\"urlTemplate\":\"https:\\\/\\\/europairschweiz.ch\\\/fr\\\/?s={search_term_string}\"},\"query-input\":{\"@type\":\"PropertyValueSpecification\",\"valueRequired\":true,\"valueName\":\"search_term_string\"}}],\"inLanguage\":\"fr-FR\"}]}<\/script>\n<!-- \/ Yoast SEO plugin. -->","yoast_head_json":{"title":"Avis de site - Europair Schweiz AG - Multisite","robots":{"index":"index","follow":"follow","max-snippet":"max-snippet:-1","max-image-preview":"max-image-preview:large","max-video-preview":"max-video-preview:-1"},"canonical":"https:\/\/europairschweiz.ch\/fr\/avis-de-site\/","og_locale":"fr_FR","og_type":"article","og_title":"Avis de site - Europair Schweiz AG - Multisite","og_description":"[vc_row][vc_column width=\u00a0\u00bb1\/2&Prime;][vc_column_text] Indications selon l&rsquo;article 5 TMG (Telemediengesetz, Allemagne) europair Suisse SA Schafmattstrasse 4 8841 Gross Suisse Nous contacter T\u00e9l\u00e9phone...","og_url":"https:\/\/europairschweiz.ch\/fr\/avis-de-site\/","og_site_name":"Europair Schweiz AG - Multisite","article_modified_time":"2025-11-20T07:19:11+00:00","twitter_card":"summary_large_image","twitter_misc":{"Dur\u00e9e de lecture estim\u00e9e":"3 minutes"},"schema":{"@context":"https:\/\/schema.org","@graph":[{"@type":"WebPage","@id":"https:\/\/europairschweiz.ch\/fr\/avis-de-site\/","url":"https:\/\/europairschweiz.ch\/fr\/avis-de-site\/","name":"Avis de site - Europair Schweiz AG - Multisite","isPartOf":{"@id":"https:\/\/europairschweiz.ch\/fr\/#website"},"datePublished":"2018-12-18T07:58:39+00:00","dateModified":"2025-11-20T07:19:11+00:00","breadcrumb":{"@id":"https:\/\/europairschweiz.ch\/fr\/avis-de-site\/#breadcrumb"},"inLanguage":"fr-FR","potentialAction":[{"@type":"ReadAction","target":["https:\/\/europairschweiz.ch\/fr\/avis-de-site\/"]}]},{"@type":"BreadcrumbList","@id":"https:\/\/europairschweiz.ch\/fr\/avis-de-site\/#breadcrumb","itemListElement":[{"@type":"ListItem","position":1,"name":"Startseite","item":"https:\/\/europairschweiz.ch\/fr\/"},{"@type":"ListItem","position":2,"name":"Avis de site"}]},{"@type":"WebSite","@id":"https:\/\/europairschweiz.ch\/fr\/#website","url":"https:\/\/europairschweiz.ch\/fr\/","name":"Europair Schweiz AG - Multisite","description":"","potentialAction":[{"@type":"SearchAction","target":{"@type":"EntryPoint","urlTemplate":"https:\/\/europairschweiz.ch\/fr\/?s={search_term_string}"},"query-input":{"@type":"PropertyValueSpecification","valueRequired":true,"valueName":"search_term_string"}}],"inLanguage":"fr-FR"}]}},"_links":{"self":[{"href":"https:\/\/europairschweiz.ch\/fr\/wp-json\/wp\/v2\/pages\/13589","targetHints":{"allow":["GET"]}}],"collection":[{"href":"https:\/\/europairschweiz.ch\/fr\/wp-json\/wp\/v2\/pages"}],"about":[{"href":"https:\/\/europairschweiz.ch\/fr\/wp-json\/wp\/v2\/types\/page"}],"author":[{"embeddable":true,"href":"https:\/\/europairschweiz.ch\/fr\/wp-json\/wp\/v2\/users\/2"}],"replies":[{"embeddable":true,"href":"https:\/\/europairschweiz.ch\/fr\/wp-json\/wp\/v2\/comments?post=13589"}],"version-history":[{"count":0,"href":"https:\/\/europairschweiz.ch\/fr\/wp-json\/wp\/v2\/pages\/13589\/revisions"}],"wp:attachment":[{"href":"https:\/\/europairschweiz.ch\/fr\/wp-json\/wp\/v2\/media?parent=13589"}],"curies":[{"name":"wp","href":"https:\/\/api.w.org\/{rel}","templated":true}]}}